{"id":34972,"date":"2025-05-04T13:14:45","date_gmt":"2025-05-04T13:14:45","guid":{"rendered":"https:\/\/sventasmiskas.bool.lt\/?post_type=product&#038;p=34972"},"modified":"2025-11-14T14:43:21","modified_gmt":"2025-11-14T14:43:21","slug":"ex-voto-zalias","status":"publish","type":"product","link":"https:\/\/sventasmiskas.lt\/en\/parduotuve\/ex-voto-zalias\/","title":{"rendered":"Ex voto \/ green"},"content":{"rendered":"<p>\u269c Small (18 mm long) silver pendant with a 4 mm green heart-shaped peridot.\u269c The design of the jewelry is inspired by the symbolism of Christian vows. A vow (lat. votum \u2013 wish, gift, promise) is a sign of personal gratitude, vow or request.\u269c Assayed at the Lithuanian Assay House, the weight of the jewelry with the chain is 4.8 g.\u269c The jewelry is sold packaged in a wooden handmade gift box.<\/p>","protected":false},"excerpt":{"rendered":"<p>\u269c Nedidelis (18 mm ilgis) sidabro pakabukas su 4 mm dyd\u017eio \u017ealiu \u0161irdel\u0117s formos peridotu.\u269c Papuo\u0161alo dizainas \u012fkv\u0117ptas krik\u0161\u010dioni\u0161k\u0173j\u0173 vot\u0173<\/p>","protected":false},"featured_media":35054,"template":"","meta":[],"product_brand":[],"product_cat":[125],"product_tag":[],"class_list":{"0":"post-34972","1":"product","2":"type-product","3":"status-publish","4":"has-post-thumbnail","6":"product_cat-kaklo-papuosalai","8":"first","9":"outofstock","10":"taxable","11":"shipping-taxable","12":"purchasable","13":"product-type-variable"},"jetpack_sharing_enabled":true,"_links":{"self":[{"href":"https:\/\/sventasmiskas.lt\/en\/wp-json\/wp\/v2\/product\/34972","targetHints":{"allow":["GET"]}}],"collection":[{"href":"https:\/\/sventasmiskas.lt\/en\/wp-json\/wp\/v2\/product"}],"about":[{"href":"https:\/\/sventasmiskas.lt\/en\/wp-json\/wp\/v2\/types\/product"}],"wp:featuredmedia":[{"embeddable":true,"href":"https:\/\/sventasmiskas.lt\/en\/wp-json\/wp\/v2\/media\/35054"}],"wp:attachment":[{"href":"https:\/\/sventasmiskas.lt\/en\/wp-json\/wp\/v2\/media?parent=34972"}],"wp:term":[{"taxonomy":"product_brand","embeddable":true,"href":"https:\/\/sventasmiskas.lt\/en\/wp-json\/wp\/v2\/product_brand?post=34972"},{"taxonomy":"product_cat","embeddable":true,"href":"https:\/\/sventasmiskas.lt\/en\/wp-json\/wp\/v2\/product_cat?post=34972"},{"taxonomy":"product_tag","embeddable":true,"href":"https:\/\/sventasmiskas.lt\/en\/wp-json\/wp\/v2\/product_tag?post=34972"}],"curies":[{"name":"wp","href":"https:\/\/api.w.org\/{rel}","templated":true}]}}