{"id":34970,"date":"2025-05-04T13:14:44","date_gmt":"2025-05-04T13:14:44","guid":{"rendered":"https:\/\/sventasmiskas.bool.lt\/?post_type=product&#038;p=34970"},"modified":"2026-04-20T10:44:51","modified_gmt":"2026-04-20T10:44:51","slug":"banga","status":"publish","type":"product","link":"https:\/\/sventasmiskas.lt\/en\/parduotuve\/banga\/","title":{"rendered":"Wave"},"content":{"rendered":"<p>\u269c\ufe0e \u0160viesaus sidabro \u017eiedas su topazo akmeniu. \u269c\ufe0e Prabuota Latvijos prabavimo r\u016bmuose, \u017eiedo svoris 2,22 g, sidabro praba 925.\u269c Papuo\u0161alas parduodamas supakuotas medin\u0117je rank\u0173 darbo dovan\u0173 d\u0117\u017eut\u0117je.<\/p>","protected":false},"excerpt":{"rendered":"<p>\u269c\ufe0e \u0160viesaus sidabro \u017eiedas su topazo akmeniu. \u269c\ufe0e Prabuota Latvijos prabavimo r\u016bmuose, \u017eiedo svoris 2,22 g, sidabro praba 925.\u269c Papuo\u0161alas<\/p>","protected":false},"featured_media":35038,"template":"","meta":[],"product_brand":[],"product_cat":[124],"product_tag":[],"class_list":{"0":"post-34970","1":"product","2":"type-product","3":"status-publish","4":"has-post-thumbnail","6":"product_cat-ziedai","8":"first","9":"instock","10":"taxable","11":"shipping-taxable","12":"purchasable","13":"product-type-variable"},"jetpack_sharing_enabled":true,"_links":{"self":[{"href":"https:\/\/sventasmiskas.lt\/en\/wp-json\/wp\/v2\/product\/34970","targetHints":{"allow":["GET"]}}],"collection":[{"href":"https:\/\/sventasmiskas.lt\/en\/wp-json\/wp\/v2\/product"}],"about":[{"href":"https:\/\/sventasmiskas.lt\/en\/wp-json\/wp\/v2\/types\/product"}],"wp:featuredmedia":[{"embeddable":true,"href":"https:\/\/sventasmiskas.lt\/en\/wp-json\/wp\/v2\/media\/35038"}],"wp:attachment":[{"href":"https:\/\/sventasmiskas.lt\/en\/wp-json\/wp\/v2\/media?parent=34970"}],"wp:term":[{"taxonomy":"product_brand","embeddable":true,"href":"https:\/\/sventasmiskas.lt\/en\/wp-json\/wp\/v2\/product_brand?post=34970"},{"taxonomy":"product_cat","embeddable":true,"href":"https:\/\/sventasmiskas.lt\/en\/wp-json\/wp\/v2\/product_cat?post=34970"},{"taxonomy":"product_tag","embeddable":true,"href":"https:\/\/sventasmiskas.lt\/en\/wp-json\/wp\/v2\/product_tag?post=34970"}],"curies":[{"name":"wp","href":"https:\/\/api.w.org\/{rel}","templated":true}]}}