{"id":34968,"date":"2025-05-04T13:14:44","date_gmt":"2025-05-04T13:14:44","guid":{"rendered":"https:\/\/sventasmiskas.bool.lt\/?post_type=product&#038;p=34968"},"modified":"2025-12-18T10:46:48","modified_gmt":"2025-12-18T10:46:48","slug":"ex-voto-su-topazu","status":"publish","type":"product","link":"https:\/\/sventasmiskas.lt\/en\/parduotuve\/ex-voto-su-topazu\/","title":{"rendered":"Ex voto with topaz"},"content":{"rendered":"<p>\u269c Nedidelis (18 mm ilgis) sidabro pakabukas su 4 mm dyd\u017eio topazo akmeniu (realyb\u0117je topazas labiau m\u0117lynas nei nuotraukoje).\u269c Papuo\u0161alas dengtas 5 mikron\u0173 storio gryno aukso sluoksniu.\u269c Papuo\u0161alo dizainas \u012fkv\u0117ptas ba\u017enytini\u0173 vot\u0173 simbolikos. Votas (lot. votum \u2013 link\u0117jimas, dovana, pa\u017eadas) yra asmenin\u0117s pad\u0117kos, \u012f\u017eado ar pra\u0161ymo \u017eenklas.\u269c Prabuota Lietuvos prabavimo r\u016bmuose.\u269c Papuo\u0161alas parduodamas supakuotas medin\u0117je rank\u0173 darbo dovan\u0173 d\u0117\u017eut\u0117je.<\/p>","protected":false},"excerpt":{"rendered":"<p>\u269c Nedidelis (18 mm ilgis) sidabro pakabukas su 4 mm dyd\u017eio topazo akmeniu (realyb\u0117je topazas labiau m\u0117lynas nei nuotraukoje).\u269c Papuo\u0161alas<\/p>","protected":false},"featured_media":34990,"template":"","meta":[],"product_brand":[],"product_cat":[125],"product_tag":[],"class_list":{"0":"post-34968","1":"product","2":"type-product","3":"status-publish","4":"has-post-thumbnail","6":"product_cat-kaklo-papuosalai","8":"first","9":"outofstock","10":"taxable","11":"shipping-taxable","12":"purchasable","13":"product-type-variable"},"jetpack_sharing_enabled":true,"_links":{"self":[{"href":"https:\/\/sventasmiskas.lt\/en\/wp-json\/wp\/v2\/product\/34968","targetHints":{"allow":["GET"]}}],"collection":[{"href":"https:\/\/sventasmiskas.lt\/en\/wp-json\/wp\/v2\/product"}],"about":[{"href":"https:\/\/sventasmiskas.lt\/en\/wp-json\/wp\/v2\/types\/product"}],"wp:featuredmedia":[{"embeddable":true,"href":"https:\/\/sventasmiskas.lt\/en\/wp-json\/wp\/v2\/media\/34990"}],"wp:attachment":[{"href":"https:\/\/sventasmiskas.lt\/en\/wp-json\/wp\/v2\/media?parent=34968"}],"wp:term":[{"taxonomy":"product_brand","embeddable":true,"href":"https:\/\/sventasmiskas.lt\/en\/wp-json\/wp\/v2\/product_brand?post=34968"},{"taxonomy":"product_cat","embeddable":true,"href":"https:\/\/sventasmiskas.lt\/en\/wp-json\/wp\/v2\/product_cat?post=34968"},{"taxonomy":"product_tag","embeddable":true,"href":"https:\/\/sventasmiskas.lt\/en\/wp-json\/wp\/v2\/product_tag?post=34968"}],"curies":[{"name":"wp","href":"https:\/\/api.w.org\/{rel}","templated":true}]}}