{"id":34963,"date":"2025-05-04T13:10:54","date_gmt":"2025-05-04T13:10:54","guid":{"rendered":"https:\/\/sventasmiskas.bool.lt\/?product=smulkus-rubino-ziedas"},"modified":"2025-10-28T19:34:37","modified_gmt":"2025-10-28T19:34:37","slug":"smulkus-rubino-ziedas","status":"publish","type":"product","link":"https:\/\/sventasmiskas.lt\/en\/parduotuve\/smulkus-rubino-ziedas\/","title":{"rendered":"Smulkus rubino \u017eiedas"},"content":{"rendered":"<p>\u269c Smulkus tamsinto sidabro \u017eiedas su rubino akmeniu\u269c \u0160io minimalistinio \u017eiedo dizainas primena spygliuo\u010dio augalo \u0161akel\u0119.\u269c Dydis 19\u269c Prabuota Latvijos prabavimo r\u016bmuose, brangakmenio specifikacijos \u012fra\u0161ytos paskutin\u0117je nuotraukoje. Sidabro praba 925, sveria 1,71 g. \u269c Papuo\u0161alas atkeliauja supakuotas dovan\u0173 d\u0117\u017eut\u0117je.<\/p>","protected":false},"excerpt":{"rendered":"<p>\u269c Smulkus tamsinto sidabro \u017eiedas su rubino akmeniu\u269c \u0160io minimalistinio \u017eiedo dizainas primena spygliuo\u010dio augalo \u0161akel\u0119.\u269c Dydis 19\u269c Prabuota Latvijos<\/p>","protected":false},"featured_media":34962,"template":"","meta":[],"product_brand":[],"product_cat":[124],"product_tag":[],"class_list":{"0":"post-34963","1":"product","2":"type-product","3":"status-publish","4":"has-post-thumbnail","6":"product_cat-ziedai","8":"first","9":"instock","10":"taxable","11":"shipping-taxable","12":"purchasable","13":"product-type-simple"},"jetpack_sharing_enabled":true,"_links":{"self":[{"href":"https:\/\/sventasmiskas.lt\/en\/wp-json\/wp\/v2\/product\/34963","targetHints":{"allow":["GET"]}}],"collection":[{"href":"https:\/\/sventasmiskas.lt\/en\/wp-json\/wp\/v2\/product"}],"about":[{"href":"https:\/\/sventasmiskas.lt\/en\/wp-json\/wp\/v2\/types\/product"}],"wp:featuredmedia":[{"embeddable":true,"href":"https:\/\/sventasmiskas.lt\/en\/wp-json\/wp\/v2\/media\/34962"}],"wp:attachment":[{"href":"https:\/\/sventasmiskas.lt\/en\/wp-json\/wp\/v2\/media?parent=34963"}],"wp:term":[{"taxonomy":"product_brand","embeddable":true,"href":"https:\/\/sventasmiskas.lt\/en\/wp-json\/wp\/v2\/product_brand?post=34963"},{"taxonomy":"product_cat","embeddable":true,"href":"https:\/\/sventasmiskas.lt\/en\/wp-json\/wp\/v2\/product_cat?post=34963"},{"taxonomy":"product_tag","embeddable":true,"href":"https:\/\/sventasmiskas.lt\/en\/wp-json\/wp\/v2\/product_tag?post=34963"}],"curies":[{"name":"wp","href":"https:\/\/api.w.org\/{rel}","templated":true}]}}