{"id":34958,"date":"2025-05-04T13:10:33","date_gmt":"2025-05-04T13:10:33","guid":{"rendered":"https:\/\/sventasmiskas.bool.lt\/?product=misko-laume-2"},"modified":"2025-12-15T08:48:48","modified_gmt":"2025-12-15T08:48:48","slug":"misko-laume-2","status":"publish","type":"product","link":"https:\/\/sventasmiskas.lt\/en\/parduotuve\/misko-laume-2\/","title":{"rendered":"Forest fairy"},"content":{"rendered":"<p>\u269c\ufe0e Autorinis itin detalus ir eleganti\u0161kas dizainas.\u269c\ufe0e Sukurta su 5 mm \u017ealios spalvos agato akmeniu.\u269c\ufe0e Prabuota Latvijos prabavimo r\u016bmuose, sveria 1,55 g, 925 sidabro praba.\u269c\ufe0e \u017diedo dydis 17.\u269c Papuo\u0161alas parduodamas supakuotas medin\u0117je rank\u0173 darbo dovan\u0173 d\u0117\u017eut\u0117je.<\/p>","protected":false},"excerpt":{"rendered":"<p>\u269c\ufe0e Autorinis itin detalus ir eleganti\u0161kas dizainas.\u269c\ufe0e Sukurta su 5 mm \u017ealios spalvos agato akmeniu.\u269c\ufe0e Prabuota Latvijos prabavimo r\u016bmuose, sveria<\/p>","protected":false},"featured_media":34957,"template":"","meta":[],"product_brand":[],"product_cat":[124],"product_tag":[],"class_list":{"0":"post-34958","1":"product","2":"type-product","3":"status-publish","4":"has-post-thumbnail","6":"product_cat-ziedai","8":"first","9":"outofstock","10":"taxable","11":"shipping-taxable","12":"purchasable","13":"product-type-simple"},"jetpack_sharing_enabled":true,"_links":{"self":[{"href":"https:\/\/sventasmiskas.lt\/en\/wp-json\/wp\/v2\/product\/34958","targetHints":{"allow":["GET"]}}],"collection":[{"href":"https:\/\/sventasmiskas.lt\/en\/wp-json\/wp\/v2\/product"}],"about":[{"href":"https:\/\/sventasmiskas.lt\/en\/wp-json\/wp\/v2\/types\/product"}],"wp:featuredmedia":[{"embeddable":true,"href":"https:\/\/sventasmiskas.lt\/en\/wp-json\/wp\/v2\/media\/34957"}],"wp:attachment":[{"href":"https:\/\/sventasmiskas.lt\/en\/wp-json\/wp\/v2\/media?parent=34958"}],"wp:term":[{"taxonomy":"product_brand","embeddable":true,"href":"https:\/\/sventasmiskas.lt\/en\/wp-json\/wp\/v2\/product_brand?post=34958"},{"taxonomy":"product_cat","embeddable":true,"href":"https:\/\/sventasmiskas.lt\/en\/wp-json\/wp\/v2\/product_cat?post=34958"},{"taxonomy":"product_tag","embeddable":true,"href":"https:\/\/sventasmiskas.lt\/en\/wp-json\/wp\/v2\/product_tag?post=34958"}],"curies":[{"name":"wp","href":"https:\/\/api.w.org\/{rel}","templated":true}]}}