{"id":34946,"date":"2025-05-04T13:09:55","date_gmt":"2025-05-04T13:09:55","guid":{"rendered":"https:\/\/sventasmiskas.bool.lt\/?product=spunges"},"modified":"2025-10-28T19:34:37","modified_gmt":"2025-10-28T19:34:37","slug":"spunges","status":"publish","type":"product","link":"https:\/\/sventasmiskas.lt\/en\/parduotuve\/spunges\/","title":{"rendered":"Sponges"},"content":{"rendered":"<p>\u269c\ufe0e I\u0161skirtinio dizaino auskarai sukurti su tikr\u0173 drugeli\u0173 sparnais (drugeliai panaudoti i\u0161 sen\u0173 entomologini\u0173 kolekcij\u0173).\u269c\ufe0e Auskarai lengvi (sveria 3,53 g) , \u012fr\u0117minti vario metale, u\u017esegimai sukurti i\u0161 ner\u016bdijan\u010dio plieno dengto variu. Auskar\u0173 ilgis su u\u017esegimu 49 mm.\u269c\ufe0e Papuo\u0161alas parduodamas dovan\u0173 d\u0117\u017eut\u0117je \u2013 puikiai tinka dovanai.<\/p>","protected":false},"excerpt":{"rendered":"<p>\u269c\ufe0e I\u0161skirtinio dizaino auskarai sukurti su tikr\u0173 drugeli\u0173 sparnais (drugeliai panaudoti i\u0161 sen\u0173 entomologini\u0173 kolekcij\u0173).\u269c\ufe0e Auskarai lengvi (sveria 3,53 g)<\/p>","protected":false},"featured_media":34945,"template":"","meta":[],"product_brand":[],"product_cat":[123],"product_tag":[],"class_list":{"0":"post-34946","1":"product","2":"type-product","3":"status-publish","4":"has-post-thumbnail","6":"product_cat-auskarai","8":"first","9":"instock","10":"taxable","11":"shipping-taxable","12":"purchasable","13":"product-type-simple"},"jetpack_sharing_enabled":true,"_links":{"self":[{"href":"https:\/\/sventasmiskas.lt\/en\/wp-json\/wp\/v2\/product\/34946","targetHints":{"allow":["GET"]}}],"collection":[{"href":"https:\/\/sventasmiskas.lt\/en\/wp-json\/wp\/v2\/product"}],"about":[{"href":"https:\/\/sventasmiskas.lt\/en\/wp-json\/wp\/v2\/types\/product"}],"wp:featuredmedia":[{"embeddable":true,"href":"https:\/\/sventasmiskas.lt\/en\/wp-json\/wp\/v2\/media\/34945"}],"wp:attachment":[{"href":"https:\/\/sventasmiskas.lt\/en\/wp-json\/wp\/v2\/media?parent=34946"}],"wp:term":[{"taxonomy":"product_brand","embeddable":true,"href":"https:\/\/sventasmiskas.lt\/en\/wp-json\/wp\/v2\/product_brand?post=34946"},{"taxonomy":"product_cat","embeddable":true,"href":"https:\/\/sventasmiskas.lt\/en\/wp-json\/wp\/v2\/product_cat?post=34946"},{"taxonomy":"product_tag","embeddable":true,"href":"https:\/\/sventasmiskas.lt\/en\/wp-json\/wp\/v2\/product_tag?post=34946"}],"curies":[{"name":"wp","href":"https:\/\/api.w.org\/{rel}","templated":true}]}}