{"id":34941,"date":"2025-05-04T13:09:36","date_gmt":"2025-05-04T13:09:36","guid":{"rendered":"https:\/\/sventasmiskas.bool.lt\/?product=aukso-zaibas"},"modified":"2025-11-10T15:51:47","modified_gmt":"2025-11-10T15:51:47","slug":"aukso-zaibas","status":"publish","type":"product","link":"https:\/\/sventasmiskas.lt\/en\/parduotuve\/aukso-zaibas\/","title":{"rendered":"Golden lightning"},"content":{"rendered":"<p>\u269c Platus juodo titano \u017eiedas su organi\u0161komis tekst\u016bromis.\u269c Titanas itin lengvas, tvirtas, hipoalerginis metalas.\u269c \u017diedo viduryje 1,5 mm raudono ir geltono 585 prabos aukso juosta, \u017eiedo svoris 5,31 g, prabuota Latvijos prabavimo r\u016bmuose. \u269c \u017diedas ilgai i\u0161laiko savo juod\u0105 spalv\u0105, nesibrai\u017eo.\u269c \u017diedo dydis 19. Plotis 7,8 mm. \u269c Papuo\u0161alas parduodamas supakuotas medin\u0117je rank\u0173 darbo dovan\u0173 d\u0117\u017eut\u0117je.<\/p>","protected":false},"excerpt":{"rendered":"<p>\u269c Platus juodo titano \u017eiedas su organi\u0161komis tekst\u016bromis.\u269c Titanas itin lengvas, tvirtas, hipoalerginis metalas.\u269c \u017diedo viduryje 1,5 mm raudono ir<\/p>","protected":false},"featured_media":34939,"template":"","meta":[],"product_brand":[],"product_cat":[124],"product_tag":[],"class_list":{"0":"post-34941","1":"product","2":"type-product","3":"status-publish","4":"has-post-thumbnail","6":"product_cat-ziedai","8":"first","9":"outofstock","10":"taxable","11":"shipping-taxable","12":"purchasable","13":"product-type-simple"},"jetpack_sharing_enabled":true,"_links":{"self":[{"href":"https:\/\/sventasmiskas.lt\/en\/wp-json\/wp\/v2\/product\/34941","targetHints":{"allow":["GET"]}}],"collection":[{"href":"https:\/\/sventasmiskas.lt\/en\/wp-json\/wp\/v2\/product"}],"about":[{"href":"https:\/\/sventasmiskas.lt\/en\/wp-json\/wp\/v2\/types\/product"}],"wp:featuredmedia":[{"embeddable":true,"href":"https:\/\/sventasmiskas.lt\/en\/wp-json\/wp\/v2\/media\/34939"}],"wp:attachment":[{"href":"https:\/\/sventasmiskas.lt\/en\/wp-json\/wp\/v2\/media?parent=34941"}],"wp:term":[{"taxonomy":"product_brand","embeddable":true,"href":"https:\/\/sventasmiskas.lt\/en\/wp-json\/wp\/v2\/product_brand?post=34941"},{"taxonomy":"product_cat","embeddable":true,"href":"https:\/\/sventasmiskas.lt\/en\/wp-json\/wp\/v2\/product_cat?post=34941"},{"taxonomy":"product_tag","embeddable":true,"href":"https:\/\/sventasmiskas.lt\/en\/wp-json\/wp\/v2\/product_tag?post=34941"}],"curies":[{"name":"wp","href":"https:\/\/api.w.org\/{rel}","templated":true}]}}