{"id":34935,"date":"2025-05-04T13:09:11","date_gmt":"2025-05-04T13:09:11","guid":{"rendered":"https:\/\/sventasmiskas.bool.lt\/?product=herkimerio-auskarai"},"modified":"2025-11-06T11:46:57","modified_gmt":"2025-11-06T11:46:57","slug":"herkimerio-auskarai","status":"publish","type":"product","link":"https:\/\/sventasmiskas.lt\/en\/parduotuve\/herkimerio-auskarai\/","title":{"rendered":"Herkimerio auskarai"},"content":{"rendered":"<p>\u269c\ufe0e Sidabriniai auskarai su herkimerio deimanto kristalais\u269c\ufe0e Auskarai bei j\u0173 u\u017esegimai sukurti i\u0161 925 prabos sidabro, prabuoti Lietuvos prabavimo r\u016bmuose \u269c\ufe0e Auskar\u0173 poros svoris 2,6 g\u269c\ufe0e Auskar\u0173 ilgis apie 1 cm\u269c\ufe0e Kiekviena auskar\u0173 pora \u0161iek tiek skiriasi bei n\u0117ra identi\u0161ka kaip  nuotraukose, nes visi nat\u016bral\u016bs kristalai skirtingi savo forma, dyd\u017eiu bei svoriu<\/p>","protected":false},"excerpt":{"rendered":"<p>\u269c\ufe0e Sidabriniai auskarai su herkimerio deimanto kristalais\u269c\ufe0e Auskarai bei j\u0173 u\u017esegimai sukurti i\u0161 925 prabos sidabro, prabuoti Lietuvos prabavimo r\u016bmuose<\/p>","protected":false},"featured_media":34934,"template":"","meta":[],"product_brand":[],"product_cat":[123],"product_tag":[],"class_list":{"0":"post-34935","1":"product","2":"type-product","3":"status-publish","4":"has-post-thumbnail","6":"product_cat-auskarai","8":"first","9":"instock","10":"taxable","11":"shipping-taxable","12":"purchasable","13":"product-type-simple"},"jetpack_sharing_enabled":true,"_links":{"self":[{"href":"https:\/\/sventasmiskas.lt\/en\/wp-json\/wp\/v2\/product\/34935","targetHints":{"allow":["GET"]}}],"collection":[{"href":"https:\/\/sventasmiskas.lt\/en\/wp-json\/wp\/v2\/product"}],"about":[{"href":"https:\/\/sventasmiskas.lt\/en\/wp-json\/wp\/v2\/types\/product"}],"wp:featuredmedia":[{"embeddable":true,"href":"https:\/\/sventasmiskas.lt\/en\/wp-json\/wp\/v2\/media\/34934"}],"wp:attachment":[{"href":"https:\/\/sventasmiskas.lt\/en\/wp-json\/wp\/v2\/media?parent=34935"}],"wp:term":[{"taxonomy":"product_brand","embeddable":true,"href":"https:\/\/sventasmiskas.lt\/en\/wp-json\/wp\/v2\/product_brand?post=34935"},{"taxonomy":"product_cat","embeddable":true,"href":"https:\/\/sventasmiskas.lt\/en\/wp-json\/wp\/v2\/product_cat?post=34935"},{"taxonomy":"product_tag","embeddable":true,"href":"https:\/\/sventasmiskas.lt\/en\/wp-json\/wp\/v2\/product_tag?post=34935"}],"curies":[{"name":"wp","href":"https:\/\/api.w.org\/{rel}","templated":true}]}}