{"id":34930,"date":"2025-05-04T13:08:46","date_gmt":"2025-05-04T13:08:46","guid":{"rendered":"https:\/\/sventasmiskas.bool.lt\/?product=saules-amuletas"},"modified":"2025-10-28T19:34:37","modified_gmt":"2025-10-28T19:34:37","slug":"saules-amuletas","status":"publish","type":"product","link":"https:\/\/sventasmiskas.lt\/en\/parduotuve\/saules-amuletas\/","title":{"rendered":"Saul\u0117s amuletas"},"content":{"rendered":"<p>\u269c\ufe0e Patogaus ir puo\u0161naus dizaino pakabukas su ry\u0161kiu topazo akmeniu.\u269c\ufe0e Pakabukas bei grandin\u0117l\u0117 sukurti i\u0161 925 prabos sidabro, dengti 3 mikron\u0173 storio aukso sluoksniu.\u269c Prabuota Lietuvos prabavimo r\u016bmuose.\u269c Papuo\u0161alas parduodamas supakuotas dovan\u0173 pakuot\u0117je.<\/p>","protected":false},"excerpt":{"rendered":"<p>\u269c\ufe0e Patogaus ir puo\u0161naus dizaino pakabukas su ry\u0161kiu topazo akmeniu.\u269c\ufe0e Pakabukas bei grandin\u0117l\u0117 sukurti i\u0161 925 prabos sidabro, dengti 3<\/p>","protected":false},"featured_media":34929,"template":"","meta":[],"product_brand":[],"product_cat":[125],"product_tag":[],"class_list":{"0":"post-34930","1":"product","2":"type-product","3":"status-publish","4":"has-post-thumbnail","6":"product_cat-kaklo-papuosalai","8":"first","9":"outofstock","10":"taxable","11":"shipping-taxable","12":"purchasable","13":"product-type-simple"},"jetpack_sharing_enabled":true,"_links":{"self":[{"href":"https:\/\/sventasmiskas.lt\/en\/wp-json\/wp\/v2\/product\/34930","targetHints":{"allow":["GET"]}}],"collection":[{"href":"https:\/\/sventasmiskas.lt\/en\/wp-json\/wp\/v2\/product"}],"about":[{"href":"https:\/\/sventasmiskas.lt\/en\/wp-json\/wp\/v2\/types\/product"}],"wp:featuredmedia":[{"embeddable":true,"href":"https:\/\/sventasmiskas.lt\/en\/wp-json\/wp\/v2\/media\/34929"}],"wp:attachment":[{"href":"https:\/\/sventasmiskas.lt\/en\/wp-json\/wp\/v2\/media?parent=34930"}],"wp:term":[{"taxonomy":"product_brand","embeddable":true,"href":"https:\/\/sventasmiskas.lt\/en\/wp-json\/wp\/v2\/product_brand?post=34930"},{"taxonomy":"product_cat","embeddable":true,"href":"https:\/\/sventasmiskas.lt\/en\/wp-json\/wp\/v2\/product_cat?post=34930"},{"taxonomy":"product_tag","embeddable":true,"href":"https:\/\/sventasmiskas.lt\/en\/wp-json\/wp\/v2\/product_tag?post=34930"}],"curies":[{"name":"wp","href":"https:\/\/api.w.org\/{rel}","templated":true}]}}