{"id":34917,"date":"2025-05-04T13:07:58","date_gmt":"2025-05-04T13:07:58","guid":{"rendered":"https:\/\/sventasmiskas.bool.lt\/?product=rozine-ausra-ii"},"modified":"2025-10-28T19:34:37","modified_gmt":"2025-10-28T19:34:37","slug":"rozine-ausra-ii","status":"publish","type":"product","link":"https:\/\/sventasmiskas.lt\/en\/parduotuve\/rozine-ausra-ii\/","title":{"rendered":"Pink Dawn II"},"content":{"rendered":"<p>\u269c\ufe0e \u0160viesaus sidabro \u017eiedas su safyro akmeniu.\u269c\ufe0e Prabuota Latvijos prabavimo r\u016bmuose, \u017eiedo svoris 2,18 g, sidabro praba 925. Brangesnio charakteristikos \u012fra\u0161ytos paskutin\u0117je nuotraukoje. \u269c\ufe0e \u017diedo dydis 17\u269c Papuo\u0161alas parduodamas supakuotas medin\u0117je rank\u0173 darbo dovan\u0173 d\u0117\u017eut\u0117je.<\/p>","protected":false},"excerpt":{"rendered":"<p>\u269c\ufe0e \u0160viesaus sidabro \u017eiedas su safyro akmeniu.\u269c\ufe0e Prabuota Latvijos prabavimo r\u016bmuose, \u017eiedo svoris 2,18 g, sidabro praba 925. Brangesnio charakteristikos<\/p>","protected":false},"featured_media":34916,"template":"","meta":[],"product_brand":[],"product_cat":[124],"product_tag":[],"class_list":{"0":"post-34917","1":"product","2":"type-product","3":"status-publish","4":"has-post-thumbnail","6":"product_cat-ziedai","8":"first","9":"instock","10":"taxable","11":"shipping-taxable","12":"purchasable","13":"product-type-simple"},"jetpack_sharing_enabled":true,"_links":{"self":[{"href":"https:\/\/sventasmiskas.lt\/en\/wp-json\/wp\/v2\/product\/34917","targetHints":{"allow":["GET"]}}],"collection":[{"href":"https:\/\/sventasmiskas.lt\/en\/wp-json\/wp\/v2\/product"}],"about":[{"href":"https:\/\/sventasmiskas.lt\/en\/wp-json\/wp\/v2\/types\/product"}],"wp:featuredmedia":[{"embeddable":true,"href":"https:\/\/sventasmiskas.lt\/en\/wp-json\/wp\/v2\/media\/34916"}],"wp:attachment":[{"href":"https:\/\/sventasmiskas.lt\/en\/wp-json\/wp\/v2\/media?parent=34917"}],"wp:term":[{"taxonomy":"product_brand","embeddable":true,"href":"https:\/\/sventasmiskas.lt\/en\/wp-json\/wp\/v2\/product_brand?post=34917"},{"taxonomy":"product_cat","embeddable":true,"href":"https:\/\/sventasmiskas.lt\/en\/wp-json\/wp\/v2\/product_cat?post=34917"},{"taxonomy":"product_tag","embeddable":true,"href":"https:\/\/sventasmiskas.lt\/en\/wp-json\/wp\/v2\/product_tag?post=34917"}],"curies":[{"name":"wp","href":"https:\/\/api.w.org\/{rel}","templated":true}]}}