{"id":34914,"date":"2025-05-04T13:07:50","date_gmt":"2025-05-04T13:07:50","guid":{"rendered":"https:\/\/sventasmiskas.bool.lt\/?product=kosmine-geometrija"},"modified":"2025-10-28T19:34:37","modified_gmt":"2025-10-28T19:34:37","slug":"kosmine-geometrija","status":"publish","type":"product","link":"https:\/\/sventasmiskas.lt\/en\/parduotuve\/kosmine-geometrija\/","title":{"rendered":"Kosmin\u0117 geometrija"},"content":{"rendered":"<p>\u269c Rank\u0173 darbo auskarai su Muonionalusta meteoritais. Kiekvienas meteoritas pasi\u017eymi unikaliais ra\u0161tais, tad parduodam\u0173 auskar\u0173 ra\u0161tai gali ne\u017eymiai skirtis nuo esan\u010di\u0173 nuotraukoje. \u269c Auskar\u0173 ilgis 11 mm.\u269c Auskarams naudotas 925 prabos sidabras, auskar\u0173 svoris 4,31 g.\u269c Muonionalusta yra meteoritas, atrastas \u0160vedijoje, kuris nukrito \u012f \u017dem\u0119 ma\u017edaug prie\u0161 800 000 met\u0173. Jis gars\u0117ja savo unikaliu Widmanst\u00e4tten ra\u0161tu \u2013 sud\u0117tingomis geometrin\u0117mis linijomis, kurios atsiskleid\u017eia \u0117sdinant pavir\u0161i\u0173, ir laikomas vienu seniausi\u0173 objekt\u0173, kok\u012f tik kada nors atrado \u017emonija. Muonionalusta meteorit\u0105 vadiname vienu seniausi\u0173, nes jis susiformavo ankstyvuoju Saul\u0117s sistemos formavimosi etapu, ma\u017edaug prie\u0161 4,5 milijardo met\u0173. Tai rei\u0161kia, kad jis yra \u017eymiai senesnis u\u017e \u017dem\u0119 ir daugum\u0105 kit\u0173 objekt\u0173 m\u016bs\u0173 planetoje, tod\u0117l atspindi labai ankstyv\u0105 m\u016bs\u0173 kosmoso istorijos laikotarp\u012f.\u269c Auskarai prabuoti Lietuvos prabavimo r\u016bmuose.\u269c Papuo\u0161alas parduodamas supakuotas medin\u0117je rank\u0173 dovan\u0173 d\u0117\u017eut\u0117je.<\/p>","protected":false},"excerpt":{"rendered":"<p>\u269c Rank\u0173 darbo auskarai su Muonionalusta meteoritais. Kiekvienas meteoritas pasi\u017eymi unikaliais ra\u0161tais, tad parduodam\u0173 auskar\u0173 ra\u0161tai gali ne\u017eymiai skirtis nuo<\/p>","protected":false},"featured_media":34912,"template":"","meta":[],"product_brand":[],"product_cat":[123],"product_tag":[],"class_list":{"0":"post-34914","1":"product","2":"type-product","3":"status-publish","4":"has-post-thumbnail","6":"product_cat-auskarai","8":"first","9":"instock","10":"sale","11":"taxable","12":"shipping-taxable","13":"purchasable","14":"product-type-simple"},"jetpack_sharing_enabled":true,"_links":{"self":[{"href":"https:\/\/sventasmiskas.lt\/en\/wp-json\/wp\/v2\/product\/34914","targetHints":{"allow":["GET"]}}],"collection":[{"href":"https:\/\/sventasmiskas.lt\/en\/wp-json\/wp\/v2\/product"}],"about":[{"href":"https:\/\/sventasmiskas.lt\/en\/wp-json\/wp\/v2\/types\/product"}],"wp:featuredmedia":[{"embeddable":true,"href":"https:\/\/sventasmiskas.lt\/en\/wp-json\/wp\/v2\/media\/34912"}],"wp:attachment":[{"href":"https:\/\/sventasmiskas.lt\/en\/wp-json\/wp\/v2\/media?parent=34914"}],"wp:term":[{"taxonomy":"product_brand","embeddable":true,"href":"https:\/\/sventasmiskas.lt\/en\/wp-json\/wp\/v2\/product_brand?post=34914"},{"taxonomy":"product_cat","embeddable":true,"href":"https:\/\/sventasmiskas.lt\/en\/wp-json\/wp\/v2\/product_cat?post=34914"},{"taxonomy":"product_tag","embeddable":true,"href":"https:\/\/sventasmiskas.lt\/en\/wp-json\/wp\/v2\/product_tag?post=34914"}],"curies":[{"name":"wp","href":"https:\/\/api.w.org\/{rel}","templated":true}]}}