{"id":34903,"date":"2025-05-04T13:07:06","date_gmt":"2025-05-04T13:07:06","guid":{"rendered":"https:\/\/sventasmiskas.bool.lt\/?product=zalia-saule"},"modified":"2025-10-28T19:34:37","modified_gmt":"2025-10-28T19:34:37","slug":"zalia-saule","status":"publish","type":"product","link":"https:\/\/sventasmiskas.lt\/en\/parduotuve\/zalia-saule\/","title":{"rendered":"\u017dalia saul\u0117"},"content":{"rendered":"<p>\u269c\ufe0e Patogaus ir puo\u0161naus dizaino pakabukas su ry\u0161kiu peridoto akmeniu.\u269c\ufe0e Pakabukas bei grandin\u0117l\u0117 sukurti i\u0161 925 prabos sidabro. \u269c Prabuota Lietuvos prabavimo r\u016bmuose.\u269c Papuo\u0161alas parduodamas supakuotas dovan\u0173 pakuot\u0117je.<\/p>","protected":false},"excerpt":{"rendered":"<p>\u269c\ufe0e Patogaus ir puo\u0161naus dizaino pakabukas su ry\u0161kiu peridoto akmeniu.\u269c\ufe0e Pakabukas bei grandin\u0117l\u0117 sukurti i\u0161 925 prabos sidabro. \u269c Prabuota<\/p>","protected":false},"featured_media":34902,"template":"","meta":[],"product_brand":[],"product_cat":[125],"product_tag":[],"class_list":{"0":"post-34903","1":"product","2":"type-product","3":"status-publish","4":"has-post-thumbnail","6":"product_cat-kaklo-papuosalai","8":"first","9":"outofstock","10":"taxable","11":"shipping-taxable","12":"purchasable","13":"product-type-simple"},"jetpack_sharing_enabled":true,"_links":{"self":[{"href":"https:\/\/sventasmiskas.lt\/en\/wp-json\/wp\/v2\/product\/34903","targetHints":{"allow":["GET"]}}],"collection":[{"href":"https:\/\/sventasmiskas.lt\/en\/wp-json\/wp\/v2\/product"}],"about":[{"href":"https:\/\/sventasmiskas.lt\/en\/wp-json\/wp\/v2\/types\/product"}],"wp:featuredmedia":[{"embeddable":true,"href":"https:\/\/sventasmiskas.lt\/en\/wp-json\/wp\/v2\/media\/34902"}],"wp:attachment":[{"href":"https:\/\/sventasmiskas.lt\/en\/wp-json\/wp\/v2\/media?parent=34903"}],"wp:term":[{"taxonomy":"product_brand","embeddable":true,"href":"https:\/\/sventasmiskas.lt\/en\/wp-json\/wp\/v2\/product_brand?post=34903"},{"taxonomy":"product_cat","embeddable":true,"href":"https:\/\/sventasmiskas.lt\/en\/wp-json\/wp\/v2\/product_cat?post=34903"},{"taxonomy":"product_tag","embeddable":true,"href":"https:\/\/sventasmiskas.lt\/en\/wp-json\/wp\/v2\/product_tag?post=34903"}],"curies":[{"name":"wp","href":"https:\/\/api.w.org\/{rel}","templated":true}]}}