{"id":34899,"date":"2025-05-04T13:06:55","date_gmt":"2025-05-04T13:06:55","guid":{"rendered":"https:\/\/sventasmiskas.bool.lt\/?product=ametistu-sakeles"},"modified":"2025-10-28T19:34:37","modified_gmt":"2025-10-28T19:34:37","slug":"ametistu-sakeles","status":"publish","type":"product","link":"https:\/\/sventasmiskas.lt\/en\/parduotuve\/ametistu-sakeles\/","title":{"rendered":"Amethyst twigs"},"content":{"rendered":"<p>\u269c\ufe0e Sidabriniai vienetiniai auskarai su nat\u016braliais, ovaliai \u0161lifuotais ametisto akmenimis\u269c\ufe0e Auskarai bei j\u0173 u\u017esegimai sukurti i\u0161 925 prabos sidabro, prabuoti Lietuvos prabavimo r\u016bmuose \u269c\ufe0e Auskar\u0173 poros svoris 3,35 g\u269c\ufe0e Auskar\u0173 ilgis apie 2,2 cm<\/p>","protected":false},"excerpt":{"rendered":"<p>\u269c\ufe0e Sidabriniai vienetiniai auskarai su nat\u016braliais, ovaliai \u0161lifuotais ametisto akmenimis\u269c\ufe0e Auskarai bei j\u0173 u\u017esegimai sukurti i\u0161 925 prabos sidabro, prabuoti<\/p>","protected":false},"featured_media":34898,"template":"","meta":[],"product_brand":[],"product_cat":[123],"product_tag":[],"class_list":{"0":"post-34899","1":"product","2":"type-product","3":"status-publish","4":"has-post-thumbnail","6":"product_cat-auskarai","8":"first","9":"outofstock","10":"taxable","11":"shipping-taxable","12":"purchasable","13":"product-type-simple"},"jetpack_sharing_enabled":true,"_links":{"self":[{"href":"https:\/\/sventasmiskas.lt\/en\/wp-json\/wp\/v2\/product\/34899","targetHints":{"allow":["GET"]}}],"collection":[{"href":"https:\/\/sventasmiskas.lt\/en\/wp-json\/wp\/v2\/product"}],"about":[{"href":"https:\/\/sventasmiskas.lt\/en\/wp-json\/wp\/v2\/types\/product"}],"wp:featuredmedia":[{"embeddable":true,"href":"https:\/\/sventasmiskas.lt\/en\/wp-json\/wp\/v2\/media\/34898"}],"wp:attachment":[{"href":"https:\/\/sventasmiskas.lt\/en\/wp-json\/wp\/v2\/media?parent=34899"}],"wp:term":[{"taxonomy":"product_brand","embeddable":true,"href":"https:\/\/sventasmiskas.lt\/en\/wp-json\/wp\/v2\/product_brand?post=34899"},{"taxonomy":"product_cat","embeddable":true,"href":"https:\/\/sventasmiskas.lt\/en\/wp-json\/wp\/v2\/product_cat?post=34899"},{"taxonomy":"product_tag","embeddable":true,"href":"https:\/\/sventasmiskas.lt\/en\/wp-json\/wp\/v2\/product_tag?post=34899"}],"curies":[{"name":"wp","href":"https:\/\/api.w.org\/{rel}","templated":true}]}}