{"id":34859,"date":"2025-05-04T13:04:41","date_gmt":"2025-05-04T13:04:41","guid":{"rendered":"https:\/\/sventasmiskas.bool.lt\/?product=augimas"},"modified":"2026-04-23T09:23:46","modified_gmt":"2026-04-23T09:23:46","slug":"augimas","status":"publish","type":"product","link":"https:\/\/sventasmiskas.lt\/en\/parduotuve\/augimas\/","title":{"rendered":"Growth"},"content":{"rendered":"<p>\u269c\ufe0e Autorinis itin detalus ir realisti\u0161kas dizainas.<\/p>\n<p>\u269c\ufe0e Sukurta i\u0161 925 prabos sidabro.<\/p>\n<p>\u269c\ufe0e D\u0117l savo formos ir dizaino yra itin patogus kasdieniniam ne\u0161iojimui, turi komforto zon\u0105.<\/p>\n<p>\u269c\ufe0e Prabuota Latvijos prabavimo r\u016bmuose, sveria 2,86 g, 925 sidabro praba.<\/p>\n<p>\u269c\ufe0e \u017diedo dydis 16,3 (esant poreikiui gali b\u016bti \u0161iek tiek didinamas dydis). \u017diedo plotis 3,8 mm.<\/p>\n<p>\u269c Papuo\u0161alas parduodamas supakuotas medin\u0117je rank\u0173 darbo dovan\u0173 d\u0117\u017eut\u0117je.<\/p>","protected":false},"excerpt":{"rendered":"<p>\u269c\ufe0e Autorinis itin detalus ir realisti\u0161kas dizainas. \u269c\ufe0e Sukurta i\u0161 925 prabos sidabro. \u269c\ufe0e D\u0117l savo formos ir dizaino yra<\/p>","protected":false},"featured_media":34858,"template":"","meta":[],"product_brand":[],"product_cat":[124],"product_tag":[],"class_list":{"0":"post-34859","1":"product","2":"type-product","3":"status-publish","4":"has-post-thumbnail","6":"product_cat-ziedai","8":"first","9":"outofstock","10":"taxable","11":"shipping-taxable","12":"purchasable","13":"product-type-simple"},"jetpack_sharing_enabled":true,"_links":{"self":[{"href":"https:\/\/sventasmiskas.lt\/en\/wp-json\/wp\/v2\/product\/34859","targetHints":{"allow":["GET"]}}],"collection":[{"href":"https:\/\/sventasmiskas.lt\/en\/wp-json\/wp\/v2\/product"}],"about":[{"href":"https:\/\/sventasmiskas.lt\/en\/wp-json\/wp\/v2\/types\/product"}],"wp:featuredmedia":[{"embeddable":true,"href":"https:\/\/sventasmiskas.lt\/en\/wp-json\/wp\/v2\/media\/34858"}],"wp:attachment":[{"href":"https:\/\/sventasmiskas.lt\/en\/wp-json\/wp\/v2\/media?parent=34859"}],"wp:term":[{"taxonomy":"product_brand","embeddable":true,"href":"https:\/\/sventasmiskas.lt\/en\/wp-json\/wp\/v2\/product_brand?post=34859"},{"taxonomy":"product_cat","embeddable":true,"href":"https:\/\/sventasmiskas.lt\/en\/wp-json\/wp\/v2\/product_cat?post=34859"},{"taxonomy":"product_tag","embeddable":true,"href":"https:\/\/sventasmiskas.lt\/en\/wp-json\/wp\/v2\/product_tag?post=34859"}],"curies":[{"name":"wp","href":"https:\/\/api.w.org\/{rel}","templated":true}]}}