{"id":34843,"date":"2025-05-04T13:03:37","date_gmt":"2025-05-04T13:03:37","guid":{"rendered":"https:\/\/sventasmiskas.bool.lt\/?post_type=product&#038;p=34843"},"modified":"2025-10-28T19:34:41","modified_gmt":"2025-10-28T19:34:41","slug":"claddagh-ziedas-juodas","status":"publish","type":"product","link":"https:\/\/sventasmiskas.lt\/en\/parduotuve\/claddagh-ziedas-juodas\/","title":{"rendered":"Claddagh \u017eiedas Juodas"},"content":{"rendered":"<p>\u269c\ufe0e Tamsinto sidabro \u017eiedas su juodu (labai tamsiai m\u0117lynu) \u0161irdel\u0117s formos 4 mm dyd\u017eio akmeniu.\u269c\ufe0e Sukurta i\u0161 925 prabos sidabro.\u269c\ufe0e Galima rinktis i\u0161 keli\u0173 skirting\u0173 dyd\u017ei\u0173. \u269c\ufe0e Prabuota Lietuvos prabavimo r\u016bmuose, sveria 3,71 g.\u269c Papuo\u0161alas parduodamas supakuotas medin\u0117je rank\u0173 darbo dovan\u0173 d\u0117\u017eut\u0117je.\u269c \u017diedo dydis gali b\u016bti pakeistas. Jei reikalingas kitoks \u017eiedo dydis, susisiekite su mumis puslapyje nurodytais kontaktais ir \u017eiedo dyd\u012f pakoreguosime.<\/p>","protected":false},"excerpt":{"rendered":"<p>\u269c\ufe0e Tamsinto sidabro \u017eiedas su juodu (labai tamsiai m\u0117lynu) \u0161irdel\u0117s formos 4 mm dyd\u017eio akmeniu.\u269c\ufe0e Sukurta i\u0161 925 prabos sidabro.\u269c\ufe0e<\/p>","protected":false},"featured_media":34894,"template":"","meta":[],"product_brand":[],"product_cat":[124],"product_tag":[],"class_list":{"0":"post-34843","1":"product","2":"type-product","3":"status-publish","4":"has-post-thumbnail","6":"product_cat-ziedai","8":"first","9":"outofstock","10":"taxable","11":"shipping-taxable","12":"purchasable","13":"product-type-variable"},"jetpack_sharing_enabled":true,"_links":{"self":[{"href":"https:\/\/sventasmiskas.lt\/en\/wp-json\/wp\/v2\/product\/34843","targetHints":{"allow":["GET"]}}],"collection":[{"href":"https:\/\/sventasmiskas.lt\/en\/wp-json\/wp\/v2\/product"}],"about":[{"href":"https:\/\/sventasmiskas.lt\/en\/wp-json\/wp\/v2\/types\/product"}],"wp:featuredmedia":[{"embeddable":true,"href":"https:\/\/sventasmiskas.lt\/en\/wp-json\/wp\/v2\/media\/34894"}],"wp:attachment":[{"href":"https:\/\/sventasmiskas.lt\/en\/wp-json\/wp\/v2\/media?parent=34843"}],"wp:term":[{"taxonomy":"product_brand","embeddable":true,"href":"https:\/\/sventasmiskas.lt\/en\/wp-json\/wp\/v2\/product_brand?post=34843"},{"taxonomy":"product_cat","embeddable":true,"href":"https:\/\/sventasmiskas.lt\/en\/wp-json\/wp\/v2\/product_cat?post=34843"},{"taxonomy":"product_tag","embeddable":true,"href":"https:\/\/sventasmiskas.lt\/en\/wp-json\/wp\/v2\/product_tag?post=34843"}],"curies":[{"name":"wp","href":"https:\/\/api.w.org\/{rel}","templated":true}]}}