{"id":34835,"date":"2025-05-04T13:03:07","date_gmt":"2025-05-04T13:03:07","guid":{"rendered":"https:\/\/sventasmiskas.bool.lt\/?post_type=product&#038;p=34835"},"modified":"2026-04-26T18:38:15","modified_gmt":"2026-04-26T18:38:15","slug":"peridoto-ziedas-2","status":"publish","type":"product","link":"https:\/\/sventasmiskas.lt\/en\/parduotuve\/peridoto-ziedas-2\/","title":{"rendered":"Peridoto \u017eiedas"},"content":{"rendered":"<p>\u269c\ufe0e Smulkus  sidabro \u017eiedas su nat\u016braliu peridoto akmeniu.\u269c\ufe0e  \u0160io minimalistinio \u017eiedo dizainas primena spygliuo\u010dio augalo \u0161akel\u0119. \u017diedo dizainas yra sukurtas nu\u0117mus form\u0105 nuo tikro augalo ir j\u0105 i\u0161liejus i\u0161 925 prabos sidabro. \u269c\ufe0e Prabuota Latvijos prabavimo r\u016bmuose, sidabro praba 925, sveria 1,71 g.\u269c Papuo\u0161alas parduodamas supakuotas medin\u0117je rank\u0173 darbo dovan\u0173 d\u0117\u017eut\u0117je.<\/p>","protected":false},"excerpt":{"rendered":"<p>\u269c\ufe0e Smulkus sidabro \u017eiedas su nat\u016braliu peridoto akmeniu.\u269c\ufe0e \u0160io minimalistinio \u017eiedo dizainas primena spygliuo\u010dio augalo \u0161akel\u0119. \u017diedo dizainas yra sukurtas<\/p>","protected":false},"featured_media":34875,"template":"","meta":[],"product_brand":[],"product_cat":[124],"product_tag":[],"class_list":{"0":"post-34835","1":"product","2":"type-product","3":"status-publish","4":"has-post-thumbnail","6":"product_cat-ziedai","8":"first","9":"outofstock","10":"taxable","11":"shipping-taxable","12":"purchasable","13":"product-type-variable"},"jetpack_sharing_enabled":true,"_links":{"self":[{"href":"https:\/\/sventasmiskas.lt\/en\/wp-json\/wp\/v2\/product\/34835","targetHints":{"allow":["GET"]}}],"collection":[{"href":"https:\/\/sventasmiskas.lt\/en\/wp-json\/wp\/v2\/product"}],"about":[{"href":"https:\/\/sventasmiskas.lt\/en\/wp-json\/wp\/v2\/types\/product"}],"wp:featuredmedia":[{"embeddable":true,"href":"https:\/\/sventasmiskas.lt\/en\/wp-json\/wp\/v2\/media\/34875"}],"wp:attachment":[{"href":"https:\/\/sventasmiskas.lt\/en\/wp-json\/wp\/v2\/media?parent=34835"}],"wp:term":[{"taxonomy":"product_brand","embeddable":true,"href":"https:\/\/sventasmiskas.lt\/en\/wp-json\/wp\/v2\/product_brand?post=34835"},{"taxonomy":"product_cat","embeddable":true,"href":"https:\/\/sventasmiskas.lt\/en\/wp-json\/wp\/v2\/product_cat?post=34835"},{"taxonomy":"product_tag","embeddable":true,"href":"https:\/\/sventasmiskas.lt\/en\/wp-json\/wp\/v2\/product_tag?post=34835"}],"curies":[{"name":"wp","href":"https:\/\/api.w.org\/{rel}","templated":true}]}}