{"id":34834,"date":"2025-05-04T13:03:07","date_gmt":"2025-05-04T13:03:07","guid":{"rendered":"https:\/\/sventasmiskas.bool.lt\/?post_type=product&#038;p=34834"},"modified":"2025-12-03T01:34:49","modified_gmt":"2025-12-03T01:34:49","slug":"paparcio-pakabukas","status":"publish","type":"product","link":"https:\/\/sventasmiskas.lt\/en\/parduotuve\/paparcio-pakabukas\/","title":{"rendered":"Fern pendant"},"content":{"rendered":"<p>\u269c\ufe0e Pakabukas sukurtas i\u0161 tikro papar\u010dio lapo. Tai yra tikras augalas, elektroliz\u0117s b\u016bdu padengtas variu, tada 999 prabos grynumo sidabru.\u269c\ufe0e Sidabras specialiai paveiktas, taip i\u0161gaunant tamsesnius sidabro atspalvius.\u269c\ufe0e Papuo\u0161alas parduodamas kartu su smulkia sidabrine grandin\u0117le arba be jos. Grandin\u0117le sukurta i\u0161 925 prabos sidabro, sveria 2,82 g. \u269c Prabuota Lietuvos prabavimo r\u016bmuose.\u269c Papuo\u0161alas atkeliauja supakuotas dovan\u0173 mai\u0161elyje.<\/p>","protected":false},"excerpt":{"rendered":"<p>\u269c\ufe0e Pakabukas sukurtas i\u0161 tikro papar\u010dio lapo. Tai yra tikras augalas, elektroliz\u0117s b\u016bdu padengtas variu, tada 999 prabos grynumo sidabru.\u269c\ufe0e<\/p>","protected":false},"featured_media":34846,"template":"","meta":[],"product_brand":[],"product_cat":[125],"product_tag":[],"class_list":{"0":"post-34834","1":"product","2":"type-product","3":"status-publish","4":"has-post-thumbnail","6":"product_cat-kaklo-papuosalai","8":"first","9":"instock","10":"taxable","11":"shipping-taxable","12":"purchasable","13":"product-type-variable"},"jetpack_sharing_enabled":true,"_links":{"self":[{"href":"https:\/\/sventasmiskas.lt\/en\/wp-json\/wp\/v2\/product\/34834","targetHints":{"allow":["GET"]}}],"collection":[{"href":"https:\/\/sventasmiskas.lt\/en\/wp-json\/wp\/v2\/product"}],"about":[{"href":"https:\/\/sventasmiskas.lt\/en\/wp-json\/wp\/v2\/types\/product"}],"wp:featuredmedia":[{"embeddable":true,"href":"https:\/\/sventasmiskas.lt\/en\/wp-json\/wp\/v2\/media\/34846"}],"wp:attachment":[{"href":"https:\/\/sventasmiskas.lt\/en\/wp-json\/wp\/v2\/media?parent=34834"}],"wp:term":[{"taxonomy":"product_brand","embeddable":true,"href":"https:\/\/sventasmiskas.lt\/en\/wp-json\/wp\/v2\/product_brand?post=34834"},{"taxonomy":"product_cat","embeddable":true,"href":"https:\/\/sventasmiskas.lt\/en\/wp-json\/wp\/v2\/product_cat?post=34834"},{"taxonomy":"product_tag","embeddable":true,"href":"https:\/\/sventasmiskas.lt\/en\/wp-json\/wp\/v2\/product_tag?post=34834"}],"curies":[{"name":"wp","href":"https:\/\/api.w.org\/{rel}","templated":true}]}}