{"id":34821,"date":"2025-05-04T12:40:59","date_gmt":"2025-05-04T12:40:59","guid":{"rendered":"https:\/\/sventasmiskas.bool.lt\/?product=sidabrinis-kalnu-kristolo-pakabukas"},"modified":"2025-10-28T19:34:38","modified_gmt":"2025-10-28T19:34:38","slug":"sidabrinis-kalnu-kristolo-pakabukas","status":"publish","type":"product","link":"https:\/\/sventasmiskas.lt\/en\/parduotuve\/sidabrinis-kalnu-kristolo-pakabukas\/","title":{"rendered":"Sidabrinis kaln\u0173 kri\u0161tolo pakabukas"},"content":{"rendered":"<p>\u269c Rank\u0173 darbo pakabukas su kaln\u0173 kri\u0161tolu\u269c Kristalo ilgis 3,5 cm.\u269c Pakabukui naudotas 925 prabos sidabras.\u269c Pakabinimo detal\u0117- sidabrin\u0117, papuo\u0161alas parduodamas kartu su smulkia sidabrine (925 praba) grandin\u0117le.\u269cPrabuota Lietuvos prabavimo r\u016bmuose.\u269c Papuo\u0161alas atkeliauja supakuotas dovan\u0173 mai\u0161elyje.<\/p>","protected":false},"excerpt":{"rendered":"<p>\u269c Rank\u0173 darbo pakabukas su kaln\u0173 kri\u0161tolu\u269c Kristalo ilgis 3,5 cm.\u269c Pakabukui naudotas 925 prabos sidabras.\u269c Pakabinimo detal\u0117- sidabrin\u0117, papuo\u0161alas<\/p>","protected":false},"featured_media":34819,"template":"","meta":[],"product_brand":[],"product_cat":[125],"product_tag":[],"class_list":{"0":"post-34821","1":"product","2":"type-product","3":"status-publish","4":"has-post-thumbnail","6":"product_cat-kaklo-papuosalai","8":"first","9":"instock","10":"taxable","11":"shipping-taxable","12":"purchasable","13":"product-type-simple"},"jetpack_sharing_enabled":true,"_links":{"self":[{"href":"https:\/\/sventasmiskas.lt\/en\/wp-json\/wp\/v2\/product\/34821","targetHints":{"allow":["GET"]}}],"collection":[{"href":"https:\/\/sventasmiskas.lt\/en\/wp-json\/wp\/v2\/product"}],"about":[{"href":"https:\/\/sventasmiskas.lt\/en\/wp-json\/wp\/v2\/types\/product"}],"wp:featuredmedia":[{"embeddable":true,"href":"https:\/\/sventasmiskas.lt\/en\/wp-json\/wp\/v2\/media\/34819"}],"wp:attachment":[{"href":"https:\/\/sventasmiskas.lt\/en\/wp-json\/wp\/v2\/media?parent=34821"}],"wp:term":[{"taxonomy":"product_brand","embeddable":true,"href":"https:\/\/sventasmiskas.lt\/en\/wp-json\/wp\/v2\/product_brand?post=34821"},{"taxonomy":"product_cat","embeddable":true,"href":"https:\/\/sventasmiskas.lt\/en\/wp-json\/wp\/v2\/product_cat?post=34821"},{"taxonomy":"product_tag","embeddable":true,"href":"https:\/\/sventasmiskas.lt\/en\/wp-json\/wp\/v2\/product_tag?post=34821"}],"curies":[{"name":"wp","href":"https:\/\/api.w.org\/{rel}","templated":true}]}}