{"id":34816,"date":"2025-05-04T12:32:35","date_gmt":"2025-05-04T12:32:35","guid":{"rendered":"https:\/\/sventasmiskas.bool.lt\/?product=zalioji-paslaptis"},"modified":"2025-10-28T19:34:38","modified_gmt":"2025-10-28T19:34:38","slug":"zalioji-paslaptis","status":"publish","type":"product","link":"https:\/\/sventasmiskas.lt\/en\/parduotuve\/zalioji-paslaptis\/","title":{"rendered":"Green secret"},"content":{"rendered":"<p>\u269c\ufe0e \u0160viesaus sidabro \u017eiedas su peridoto  akmenimis. \u269c\ufe0e \u017diedo dydis 17,3 ( esant poreikiui gali b\u016bti \u0161iek tiek didinamas)\u269c\ufe0e Prabuota Lietuvos prabavimo r\u016bmuose, \u017eiedo svoris 2,61 g, sidabro praba 925.\u269c Papuo\u0161alas parduodamas supakuotas medin\u0117je rank\u0173 darbo dovan\u0173 d\u0117\u017eut\u0117je.<\/p>","protected":false},"excerpt":{"rendered":"<p>\u269c\ufe0e \u0160viesaus sidabro \u017eiedas su peridoto akmenimis. \u269c\ufe0e \u017diedo dydis 17,3 ( esant poreikiui gali b\u016bti \u0161iek tiek didinamas)\u269c\ufe0e Prabuota<\/p>","protected":false},"featured_media":34815,"template":"","meta":[],"product_brand":[],"product_cat":[124],"product_tag":[],"class_list":{"0":"post-34816","1":"product","2":"type-product","3":"status-publish","4":"has-post-thumbnail","6":"product_cat-ziedai","8":"first","9":"outofstock","10":"taxable","11":"shipping-taxable","12":"purchasable","13":"product-type-simple"},"jetpack_sharing_enabled":true,"_links":{"self":[{"href":"https:\/\/sventasmiskas.lt\/en\/wp-json\/wp\/v2\/product\/34816","targetHints":{"allow":["GET"]}}],"collection":[{"href":"https:\/\/sventasmiskas.lt\/en\/wp-json\/wp\/v2\/product"}],"about":[{"href":"https:\/\/sventasmiskas.lt\/en\/wp-json\/wp\/v2\/types\/product"}],"wp:featuredmedia":[{"embeddable":true,"href":"https:\/\/sventasmiskas.lt\/en\/wp-json\/wp\/v2\/media\/34815"}],"wp:attachment":[{"href":"https:\/\/sventasmiskas.lt\/en\/wp-json\/wp\/v2\/media?parent=34816"}],"wp:term":[{"taxonomy":"product_brand","embeddable":true,"href":"https:\/\/sventasmiskas.lt\/en\/wp-json\/wp\/v2\/product_brand?post=34816"},{"taxonomy":"product_cat","embeddable":true,"href":"https:\/\/sventasmiskas.lt\/en\/wp-json\/wp\/v2\/product_cat?post=34816"},{"taxonomy":"product_tag","embeddable":true,"href":"https:\/\/sventasmiskas.lt\/en\/wp-json\/wp\/v2\/product_tag?post=34816"}],"curies":[{"name":"wp","href":"https:\/\/api.w.org\/{rel}","templated":true}]}}