{"id":34810,"date":"2025-05-04T12:32:19","date_gmt":"2025-05-04T12:32:19","guid":{"rendered":"https:\/\/sventasmiskas.bool.lt\/?product=juros-lasai"},"modified":"2026-01-07T14:09:47","modified_gmt":"2026-01-07T14:09:47","slug":"juros-lasai","status":"publish","type":"product","link":"https:\/\/sventasmiskas.lt\/en\/parduotuve\/juros-lasai\/","title":{"rendered":"Sea drops"},"content":{"rendered":"<p>\u269c\ufe0e Puikiai tinka kasdieniam ne\u0161iojimui, nedideli. Su 4,5 dyd\u017eio topazais. \u269c\ufe0e Auskarai ir j\u0173 u\u017esegimai pagaminti i\u0161 585 prabos rausvo aukso, auskar\u0173 svoris 0,87 g.\u269c\ufe0e Prabuoti Latvijos prabavimo r\u016bmuose.\u269c\ufe0e Papuo\u0161alas parduodamas dovan\u0173 d\u0117\u017eut\u0117je \u2013 puikiai tinka dovanai.<\/p>","protected":false},"excerpt":{"rendered":"<p>\u269c\ufe0e Puikiai tinka kasdieniam ne\u0161iojimui, nedideli. Su 4,5 dyd\u017eio topazais. \u269c\ufe0e Auskarai ir j\u0173 u\u017esegimai pagaminti i\u0161 585 prabos rausvo<\/p>","protected":false},"featured_media":34809,"template":"","meta":[],"product_brand":[],"product_cat":[123,221],"product_tag":[],"class_list":{"0":"post-34810","1":"product","2":"type-product","3":"status-publish","4":"has-post-thumbnail","6":"product_cat-auskarai","7":"product_cat-juvelyrika-is-aukso","9":"first","10":"instock","11":"taxable","12":"shipping-taxable","13":"purchasable","14":"product-type-simple"},"jetpack_sharing_enabled":true,"_links":{"self":[{"href":"https:\/\/sventasmiskas.lt\/en\/wp-json\/wp\/v2\/product\/34810","targetHints":{"allow":["GET"]}}],"collection":[{"href":"https:\/\/sventasmiskas.lt\/en\/wp-json\/wp\/v2\/product"}],"about":[{"href":"https:\/\/sventasmiskas.lt\/en\/wp-json\/wp\/v2\/types\/product"}],"wp:featuredmedia":[{"embeddable":true,"href":"https:\/\/sventasmiskas.lt\/en\/wp-json\/wp\/v2\/media\/34809"}],"wp:attachment":[{"href":"https:\/\/sventasmiskas.lt\/en\/wp-json\/wp\/v2\/media?parent=34810"}],"wp:term":[{"taxonomy":"product_brand","embeddable":true,"href":"https:\/\/sventasmiskas.lt\/en\/wp-json\/wp\/v2\/product_brand?post=34810"},{"taxonomy":"product_cat","embeddable":true,"href":"https:\/\/sventasmiskas.lt\/en\/wp-json\/wp\/v2\/product_cat?post=34810"},{"taxonomy":"product_tag","embeddable":true,"href":"https:\/\/sventasmiskas.lt\/en\/wp-json\/wp\/v2\/product_tag?post=34810"}],"curies":[{"name":"wp","href":"https:\/\/api.w.org\/{rel}","templated":true}]}}