{"id":34760,"date":"2025-05-04T12:27:51","date_gmt":"2025-05-04T12:27:51","guid":{"rendered":"https:\/\/sventasmiskas.bool.lt\/?product=baltijos-krantai"},"modified":"2025-10-28T19:34:38","modified_gmt":"2025-10-28T19:34:38","slug":"baltijos-krantai","status":"publish","type":"product","link":"https:\/\/sventasmiskas.lt\/en\/parduotuve\/baltijos-krantai\/","title":{"rendered":"Baltic shores"},"content":{"rendered":"<p>\u269c\ufe0e Vienetinis sidabro \u017eiedas su nat\u016braliais, neapdirbtais 6 lazurito mineralais.\u269c\ufe0e Sukurta i\u0161 925 ir 999 prabos sidabro.\u269c\ufe0e \u017diedo dydis 18,1.\u269c\ufe0e Prabuota Latvijos prabavimo r\u016bmuose, \u017eiedo svoris 3,46 g.\u269c Papuo\u0161alas parduodamas supakuotas medin\u0117je rank\u0173 darbo dovan\u0173 d\u0117\u017eut\u0117je.<\/p>","protected":false},"excerpt":{"rendered":"<p>\u269c\ufe0e Vienetinis sidabro \u017eiedas su nat\u016braliais, neapdirbtais 6 lazurito mineralais.\u269c\ufe0e Sukurta i\u0161 925 ir 999 prabos sidabro.\u269c\ufe0e \u017diedo dydis 18,1.\u269c\ufe0e<\/p>","protected":false},"featured_media":34759,"template":"","meta":[],"product_brand":[],"product_cat":[124],"product_tag":[],"class_list":{"0":"post-34760","1":"product","2":"type-product","3":"status-publish","4":"has-post-thumbnail","6":"product_cat-ziedai","8":"first","9":"outofstock","10":"taxable","11":"shipping-taxable","12":"purchasable","13":"product-type-simple"},"jetpack_sharing_enabled":true,"_links":{"self":[{"href":"https:\/\/sventasmiskas.lt\/en\/wp-json\/wp\/v2\/product\/34760","targetHints":{"allow":["GET"]}}],"collection":[{"href":"https:\/\/sventasmiskas.lt\/en\/wp-json\/wp\/v2\/product"}],"about":[{"href":"https:\/\/sventasmiskas.lt\/en\/wp-json\/wp\/v2\/types\/product"}],"wp:featuredmedia":[{"embeddable":true,"href":"https:\/\/sventasmiskas.lt\/en\/wp-json\/wp\/v2\/media\/34759"}],"wp:attachment":[{"href":"https:\/\/sventasmiskas.lt\/en\/wp-json\/wp\/v2\/media?parent=34760"}],"wp:term":[{"taxonomy":"product_brand","embeddable":true,"href":"https:\/\/sventasmiskas.lt\/en\/wp-json\/wp\/v2\/product_brand?post=34760"},{"taxonomy":"product_cat","embeddable":true,"href":"https:\/\/sventasmiskas.lt\/en\/wp-json\/wp\/v2\/product_cat?post=34760"},{"taxonomy":"product_tag","embeddable":true,"href":"https:\/\/sventasmiskas.lt\/en\/wp-json\/wp\/v2\/product_tag?post=34760"}],"curies":[{"name":"wp","href":"https:\/\/api.w.org\/{rel}","templated":true}]}}