{"id":34749,"date":"2025-05-04T12:27:22","date_gmt":"2025-05-04T12:27:22","guid":{"rendered":"https:\/\/sventasmiskas.bool.lt\/?product=vaivorykste"},"modified":"2025-10-28T19:34:38","modified_gmt":"2025-10-28T19:34:38","slug":"vaivorykste","status":"publish","type":"product","link":"https:\/\/sventasmiskas.lt\/en\/parduotuve\/vaivorykste\/","title":{"rendered":"Vaivoryk\u0161t\u0117"},"content":{"rendered":"<p>\u269c\ufe0e Vienetinis juodinto sidabro \u017eiedas su opalo akmeniu. \u269c\ufe0e \u017diedo dydis 18.8. \u269c\ufe0e Prabuota Latvijos prabavimo r\u016bmuose, praba 925 sidabras, svoris 3,5 g.\u269c Papuo\u0161alas atkeliauja supakuotas medin\u0117je rank\u0173 darbo dovan\u0173 d\u0117\u017eut\u0117je.\u269c \u017diedo dydis gali b\u016bti pakeistas. Jei reikalingas kitoks \u017eiedo dydis, susisiekite su mumis puslapyje nurodytais kontaktais ir \u017eiedo dyd\u012f pakoreguosime.<\/p>","protected":false},"excerpt":{"rendered":"<p>\u269c\ufe0e Vienetinis juodinto sidabro \u017eiedas su opalo akmeniu. \u269c\ufe0e \u017diedo dydis 18.8. \u269c\ufe0e Prabuota Latvijos prabavimo r\u016bmuose, praba 925 sidabras,<\/p>","protected":false},"featured_media":34748,"template":"","meta":[],"product_brand":[],"product_cat":[124],"product_tag":[],"class_list":{"0":"post-34749","1":"product","2":"type-product","3":"status-publish","4":"has-post-thumbnail","6":"product_cat-ziedai","8":"first","9":"instock","10":"taxable","11":"shipping-taxable","12":"purchasable","13":"product-type-simple"},"jetpack_sharing_enabled":true,"_links":{"self":[{"href":"https:\/\/sventasmiskas.lt\/en\/wp-json\/wp\/v2\/product\/34749","targetHints":{"allow":["GET"]}}],"collection":[{"href":"https:\/\/sventasmiskas.lt\/en\/wp-json\/wp\/v2\/product"}],"about":[{"href":"https:\/\/sventasmiskas.lt\/en\/wp-json\/wp\/v2\/types\/product"}],"wp:featuredmedia":[{"embeddable":true,"href":"https:\/\/sventasmiskas.lt\/en\/wp-json\/wp\/v2\/media\/34748"}],"wp:attachment":[{"href":"https:\/\/sventasmiskas.lt\/en\/wp-json\/wp\/v2\/media?parent=34749"}],"wp:term":[{"taxonomy":"product_brand","embeddable":true,"href":"https:\/\/sventasmiskas.lt\/en\/wp-json\/wp\/v2\/product_brand?post=34749"},{"taxonomy":"product_cat","embeddable":true,"href":"https:\/\/sventasmiskas.lt\/en\/wp-json\/wp\/v2\/product_cat?post=34749"},{"taxonomy":"product_tag","embeddable":true,"href":"https:\/\/sventasmiskas.lt\/en\/wp-json\/wp\/v2\/product_tag?post=34749"}],"curies":[{"name":"wp","href":"https:\/\/api.w.org\/{rel}","templated":true}]}}