{"id":34727,"date":"2025-05-04T12:26:08","date_gmt":"2025-05-04T12:26:08","guid":{"rendered":"https:\/\/sventasmiskas.bool.lt\/?product=ziedas-saulegriza"},"modified":"2025-10-28T19:34:39","modified_gmt":"2025-10-28T19:34:39","slug":"ziedas-saulegriza","status":"publish","type":"product","link":"https:\/\/sventasmiskas.lt\/en\/parduotuve\/ziedas-saulegriza\/","title":{"rendered":"\u017diedas Saul\u0117gr\u012f\u017ea"},"content":{"rendered":"<p>\u269c\ufe0e Auksuoto sidabro \u017eiedas su citrino akmeniu.\u269c\ufe0e Dengta 3 mikron\u0173 aukso sluoksniu, sukurta i\u0161 925 prabos sidabro, \u017eiedas sveria 3,01 g.\u269c\ufe0e \u017diedo dydis 16,6.\u269c\ufe0e Prabuota Latvijos prabavimo r\u016bmuose.\u269c Papuo\u0161alas atkeliauja supakuotas medin\u0117je rank\u0173 darbo dovan\u0173 d\u0117\u017eut\u0117je.<\/p>","protected":false},"excerpt":{"rendered":"<p>\u269c\ufe0e Auksuoto sidabro \u017eiedas su citrino akmeniu.\u269c\ufe0e Dengta 3 mikron\u0173 aukso sluoksniu, sukurta i\u0161 925 prabos sidabro, \u017eiedas sveria 3,01<\/p>","protected":false},"featured_media":34726,"template":"","meta":[],"product_brand":[],"product_cat":[124],"product_tag":[],"class_list":{"0":"post-34727","1":"product","2":"type-product","3":"status-publish","4":"has-post-thumbnail","6":"product_cat-ziedai","8":"first","9":"outofstock","10":"taxable","11":"shipping-taxable","12":"purchasable","13":"product-type-simple"},"jetpack_sharing_enabled":true,"_links":{"self":[{"href":"https:\/\/sventasmiskas.lt\/en\/wp-json\/wp\/v2\/product\/34727","targetHints":{"allow":["GET"]}}],"collection":[{"href":"https:\/\/sventasmiskas.lt\/en\/wp-json\/wp\/v2\/product"}],"about":[{"href":"https:\/\/sventasmiskas.lt\/en\/wp-json\/wp\/v2\/types\/product"}],"wp:featuredmedia":[{"embeddable":true,"href":"https:\/\/sventasmiskas.lt\/en\/wp-json\/wp\/v2\/media\/34726"}],"wp:attachment":[{"href":"https:\/\/sventasmiskas.lt\/en\/wp-json\/wp\/v2\/media?parent=34727"}],"wp:term":[{"taxonomy":"product_brand","embeddable":true,"href":"https:\/\/sventasmiskas.lt\/en\/wp-json\/wp\/v2\/product_brand?post=34727"},{"taxonomy":"product_cat","embeddable":true,"href":"https:\/\/sventasmiskas.lt\/en\/wp-json\/wp\/v2\/product_cat?post=34727"},{"taxonomy":"product_tag","embeddable":true,"href":"https:\/\/sventasmiskas.lt\/en\/wp-json\/wp\/v2\/product_tag?post=34727"}],"curies":[{"name":"wp","href":"https:\/\/api.w.org\/{rel}","templated":true}]}}