{"id":34708,"date":"2025-05-04T12:24:32","date_gmt":"2025-05-04T12:24:32","guid":{"rendered":"https:\/\/sventasmiskas.bool.lt\/?product=ziedas-su-ametistu"},"modified":"2025-10-28T19:34:39","modified_gmt":"2025-10-28T19:34:39","slug":"ziedas-su-ametistu","status":"publish","type":"product","link":"https:\/\/sventasmiskas.lt\/en\/parduotuve\/ziedas-su-ametistu\/","title":{"rendered":"Ring with amethyst"},"content":{"rendered":"<p>Masyvus sidabrinis, vienetinis rank\u0173 darbo \u017eiedas su dideliu, nat\u016braliu ametisto kristalu. \u017diedo dydis 17,8. Sidabro praba 925, sveria 26,75 g, prabuota Lietuvos prabavimo r\u016bmuose.<\/p>","protected":false},"excerpt":{"rendered":"<p>Masyvus sidabrinis, vienetinis rank\u0173 darbo \u017eiedas su dideliu, nat\u016braliu ametisto kristalu. \u017diedo dydis 17,8. Sidabro praba 925, sveria 26,75 g,<\/p>","protected":false},"featured_media":34707,"template":"","meta":[],"product_brand":[],"product_cat":[124],"product_tag":[],"class_list":{"0":"post-34708","1":"product","2":"type-product","3":"status-publish","4":"has-post-thumbnail","6":"product_cat-ziedai","8":"first","9":"instock","10":"taxable","11":"shipping-taxable","12":"purchasable","13":"product-type-simple"},"jetpack_sharing_enabled":true,"_links":{"self":[{"href":"https:\/\/sventasmiskas.lt\/en\/wp-json\/wp\/v2\/product\/34708","targetHints":{"allow":["GET"]}}],"collection":[{"href":"https:\/\/sventasmiskas.lt\/en\/wp-json\/wp\/v2\/product"}],"about":[{"href":"https:\/\/sventasmiskas.lt\/en\/wp-json\/wp\/v2\/types\/product"}],"wp:featuredmedia":[{"embeddable":true,"href":"https:\/\/sventasmiskas.lt\/en\/wp-json\/wp\/v2\/media\/34707"}],"wp:attachment":[{"href":"https:\/\/sventasmiskas.lt\/en\/wp-json\/wp\/v2\/media?parent=34708"}],"wp:term":[{"taxonomy":"product_brand","embeddable":true,"href":"https:\/\/sventasmiskas.lt\/en\/wp-json\/wp\/v2\/product_brand?post=34708"},{"taxonomy":"product_cat","embeddable":true,"href":"https:\/\/sventasmiskas.lt\/en\/wp-json\/wp\/v2\/product_cat?post=34708"},{"taxonomy":"product_tag","embeddable":true,"href":"https:\/\/sventasmiskas.lt\/en\/wp-json\/wp\/v2\/product_tag?post=34708"}],"curies":[{"name":"wp","href":"https:\/\/api.w.org\/{rel}","templated":true}]}}