{"id":34702,"date":"2025-05-04T12:24:11","date_gmt":"2025-05-04T12:24:11","guid":{"rendered":"https:\/\/sventasmiskas.bool.lt\/?product=auksuotos-tulpes"},"modified":"2025-10-28T19:34:39","modified_gmt":"2025-10-28T19:34:39","slug":"auksuotos-tulpes","status":"publish","type":"product","link":"https:\/\/sventasmiskas.lt\/en\/parduotuve\/auksuotos-tulpes\/","title":{"rendered":"Gilded tulips"},"content":{"rendered":"<p>\u269c\ufe0e Puikiai tinka kasdieniam ne\u0161iojimui, nedideli \u2013 auskaro ilgis su u\u017esegimu 2 cm.\u269c\ufe0e Auskarai primena suma\u017eintus tikrus tulpi\u0173 \u017eiedus.\u269c\ufe0e Auskarai ir j\u0173 u\u017esegimai pagaminti i\u0161 925 prabos sidabro, auskar\u0173 svoris 3,02 g. Dengti 3 mikron\u0173 storio gryno aukso sluoksniu.\u269c\ufe0e Prabuoti Lietuvos prabavimo r\u016bmuose.\u269c\ufe0e Papuo\u0161alas parduodamas dovan\u0173 d\u0117\u017eut\u0117je \u2013 puikiai tinka dovanai.<\/p>","protected":false},"excerpt":{"rendered":"<p>\u269c\ufe0e Puikiai tinka kasdieniam ne\u0161iojimui, nedideli \u2013 auskaro ilgis su u\u017esegimu 2 cm.\u269c\ufe0e Auskarai primena suma\u017eintus tikrus tulpi\u0173 \u017eiedus.\u269c\ufe0e Auskarai<\/p>","protected":false},"featured_media":34701,"template":"","meta":[],"product_brand":[],"product_cat":[123],"product_tag":[],"class_list":{"0":"post-34702","1":"product","2":"type-product","3":"status-publish","4":"has-post-thumbnail","6":"product_cat-auskarai","8":"first","9":"outofstock","10":"taxable","11":"shipping-taxable","12":"purchasable","13":"product-type-simple"},"jetpack_sharing_enabled":true,"_links":{"self":[{"href":"https:\/\/sventasmiskas.lt\/en\/wp-json\/wp\/v2\/product\/34702","targetHints":{"allow":["GET"]}}],"collection":[{"href":"https:\/\/sventasmiskas.lt\/en\/wp-json\/wp\/v2\/product"}],"about":[{"href":"https:\/\/sventasmiskas.lt\/en\/wp-json\/wp\/v2\/types\/product"}],"wp:featuredmedia":[{"embeddable":true,"href":"https:\/\/sventasmiskas.lt\/en\/wp-json\/wp\/v2\/media\/34701"}],"wp:attachment":[{"href":"https:\/\/sventasmiskas.lt\/en\/wp-json\/wp\/v2\/media?parent=34702"}],"wp:term":[{"taxonomy":"product_brand","embeddable":true,"href":"https:\/\/sventasmiskas.lt\/en\/wp-json\/wp\/v2\/product_brand?post=34702"},{"taxonomy":"product_cat","embeddable":true,"href":"https:\/\/sventasmiskas.lt\/en\/wp-json\/wp\/v2\/product_cat?post=34702"},{"taxonomy":"product_tag","embeddable":true,"href":"https:\/\/sventasmiskas.lt\/en\/wp-json\/wp\/v2\/product_tag?post=34702"}],"curies":[{"name":"wp","href":"https:\/\/api.w.org\/{rel}","templated":true}]}}