{"id":34697,"date":"2025-05-04T12:23:57","date_gmt":"2025-05-04T12:23:57","guid":{"rendered":"https:\/\/sventasmiskas.bool.lt\/?product=misko-laume"},"modified":"2025-12-18T11:18:07","modified_gmt":"2025-12-18T11:18:07","slug":"misko-laume","status":"publish","type":"product","link":"https:\/\/sventasmiskas.lt\/en\/parduotuve\/misko-laume\/","title":{"rendered":"Forest fairy"},"content":{"rendered":"<p>\u269c\ufe0e Vienetinis sidabro \u017eiedas su nat\u016braliais \u0161lifuotais 5 peridot\u0173 akmenimis.\u269c\ufe0e Sukurta i\u0161 925 ir 999 prabos sidabro, sveria 2,17 g.\u269c\ufe0e \u017diedo dydis 16,5.\u269c\ufe0e Prabuota Latvijos prabavimo r\u016bmuose.\u269c Papuo\u0161alas parduodamas supakuotas medin\u0117je rank\u0173 darbo dovan\u0173 d\u0117\u017eut\u0117je.<\/p>","protected":false},"excerpt":{"rendered":"<p>\u269c\ufe0e Vienetinis sidabro \u017eiedas su nat\u016braliais \u0161lifuotais 5 peridot\u0173 akmenimis.\u269c\ufe0e Sukurta i\u0161 925 ir 999 prabos sidabro, sveria 2,17 g.\u269c\ufe0e<\/p>","protected":false},"featured_media":34696,"template":"","meta":[],"product_brand":[],"product_cat":[124],"product_tag":[],"class_list":{"0":"post-34697","1":"product","2":"type-product","3":"status-publish","4":"has-post-thumbnail","6":"product_cat-ziedai","8":"first","9":"outofstock","10":"taxable","11":"shipping-taxable","12":"purchasable","13":"product-type-simple"},"jetpack_sharing_enabled":true,"_links":{"self":[{"href":"https:\/\/sventasmiskas.lt\/en\/wp-json\/wp\/v2\/product\/34697","targetHints":{"allow":["GET"]}}],"collection":[{"href":"https:\/\/sventasmiskas.lt\/en\/wp-json\/wp\/v2\/product"}],"about":[{"href":"https:\/\/sventasmiskas.lt\/en\/wp-json\/wp\/v2\/types\/product"}],"wp:featuredmedia":[{"embeddable":true,"href":"https:\/\/sventasmiskas.lt\/en\/wp-json\/wp\/v2\/media\/34696"}],"wp:attachment":[{"href":"https:\/\/sventasmiskas.lt\/en\/wp-json\/wp\/v2\/media?parent=34697"}],"wp:term":[{"taxonomy":"product_brand","embeddable":true,"href":"https:\/\/sventasmiskas.lt\/en\/wp-json\/wp\/v2\/product_brand?post=34697"},{"taxonomy":"product_cat","embeddable":true,"href":"https:\/\/sventasmiskas.lt\/en\/wp-json\/wp\/v2\/product_cat?post=34697"},{"taxonomy":"product_tag","embeddable":true,"href":"https:\/\/sventasmiskas.lt\/en\/wp-json\/wp\/v2\/product_tag?post=34697"}],"curies":[{"name":"wp","href":"https:\/\/api.w.org\/{rel}","templated":true}]}}