{"id":34683,"date":"2025-05-04T12:22:58","date_gmt":"2025-05-04T12:22:58","guid":{"rendered":"https:\/\/sventasmiskas.bool.lt\/?product=nedideli-ametistu-auskarai"},"modified":"2026-04-28T11:37:45","modified_gmt":"2026-04-28T11:37:45","slug":"nedideli-ametistu-auskarai","status":"publish","type":"product","link":"https:\/\/sventasmiskas.lt\/en\/parduotuve\/nedideli-ametistu-auskarai\/","title":{"rendered":"Small amethyst earrings"},"content":{"rendered":"<p>\u269c\ufe0e Auskarai inkrustuoti ametisto akmenimis.\u269c\ufe0e Tinkami ne\u0161ioti kasdien, nedideli.\u269c\ufe0e Sidabras specialiai paveiktas, taip i\u0161gaunant tamsesnius sidabro atspalvius.\u269c\ufe0e Auskarai bei j\u0173 u\u017esegimai sukurti i\u0161 925 prabos sidabro, sveria 1,47 g.\u269c Prabuota Lietuvos prabavimo r\u016bmuose.\u269c Papuo\u0161alas supakuotas dovan\u0173 mai\u0161elyje.<\/p>","protected":false},"excerpt":{"rendered":"<p>\u269c\ufe0e Auskarai inkrustuoti ametisto akmenimis.\u269c\ufe0e Tinkami ne\u0161ioti kasdien, nedideli.\u269c\ufe0e Sidabras specialiai paveiktas, taip i\u0161gaunant tamsesnius sidabro atspalvius.\u269c\ufe0e Auskarai bei j\u0173<\/p>","protected":false},"featured_media":34682,"template":"","meta":[],"product_brand":[],"product_cat":[123],"product_tag":[],"class_list":{"0":"post-34683","1":"product","2":"type-product","3":"status-publish","4":"has-post-thumbnail","6":"product_cat-auskarai","8":"first","9":"outofstock","10":"taxable","11":"shipping-taxable","12":"purchasable","13":"product-type-simple"},"jetpack_sharing_enabled":true,"_links":{"self":[{"href":"https:\/\/sventasmiskas.lt\/en\/wp-json\/wp\/v2\/product\/34683","targetHints":{"allow":["GET"]}}],"collection":[{"href":"https:\/\/sventasmiskas.lt\/en\/wp-json\/wp\/v2\/product"}],"about":[{"href":"https:\/\/sventasmiskas.lt\/en\/wp-json\/wp\/v2\/types\/product"}],"wp:featuredmedia":[{"embeddable":true,"href":"https:\/\/sventasmiskas.lt\/en\/wp-json\/wp\/v2\/media\/34682"}],"wp:attachment":[{"href":"https:\/\/sventasmiskas.lt\/en\/wp-json\/wp\/v2\/media?parent=34683"}],"wp:term":[{"taxonomy":"product_brand","embeddable":true,"href":"https:\/\/sventasmiskas.lt\/en\/wp-json\/wp\/v2\/product_brand?post=34683"},{"taxonomy":"product_cat","embeddable":true,"href":"https:\/\/sventasmiskas.lt\/en\/wp-json\/wp\/v2\/product_cat?post=34683"},{"taxonomy":"product_tag","embeddable":true,"href":"https:\/\/sventasmiskas.lt\/en\/wp-json\/wp\/v2\/product_tag?post=34683"}],"curies":[{"name":"wp","href":"https:\/\/api.w.org\/{rel}","templated":true}]}}