{"id":34667,"date":"2025-05-04T12:22:08","date_gmt":"2025-05-04T12:22:08","guid":{"rendered":"https:\/\/sventasmiskas.bool.lt\/?post_type=product&#038;p=34667"},"modified":"2025-12-08T11:11:45","modified_gmt":"2025-12-08T11:11:45","slug":"dangiskasis-globejas-su-melynu-deimantu","status":"publish","type":"product","link":"https:\/\/sventasmiskas.lt\/en\/parduotuve\/dangiskasis-globejas-su-melynu-deimantu\/","title":{"rendered":"Heavenly guardian with a blue diamond"},"content":{"rendered":"<p>\u269c Nedidelis sidabro pakabukas su 1,3 mm dyd\u017eio m\u0117lynu deimantu.\u269c Angeliuko sparneliai dengti 5 mikron\u0173 storio gryno aukso sluoksniu.\u269c Prabuota Latvijos prabavimo r\u016bmuose. Sidabro praba 925, pakabuko su grandin\u0117le svoris 2 g. Deimanto autenti\u0161kumas patvirtintas prabavimo r\u016bm\u0173 etiket\u0117je.\u269c Papuo\u0161alas parduodamas supakuotas medin\u0117je rank\u0173 darbo dovan\u0173 d\u0117\u017eut\u0117je.<\/p>","protected":false},"excerpt":{"rendered":"<p>\u269c Nedidelis sidabro pakabukas su 1,3 mm dyd\u017eio m\u0117lynu deimantu.\u269c Angeliuko sparneliai dengti 5 mikron\u0173 storio gryno aukso sluoksniu.\u269c Prabuota<\/p>","protected":false},"featured_media":34767,"template":"","meta":[],"product_brand":[],"product_cat":[125],"product_tag":[],"class_list":{"0":"post-34667","1":"product","2":"type-product","3":"status-publish","4":"has-post-thumbnail","6":"product_cat-kaklo-papuosalai","8":"first","9":"outofstock","10":"taxable","11":"shipping-taxable","12":"purchasable","13":"product-type-variable"},"jetpack_sharing_enabled":true,"_links":{"self":[{"href":"https:\/\/sventasmiskas.lt\/en\/wp-json\/wp\/v2\/product\/34667","targetHints":{"allow":["GET"]}}],"collection":[{"href":"https:\/\/sventasmiskas.lt\/en\/wp-json\/wp\/v2\/product"}],"about":[{"href":"https:\/\/sventasmiskas.lt\/en\/wp-json\/wp\/v2\/types\/product"}],"wp:featuredmedia":[{"embeddable":true,"href":"https:\/\/sventasmiskas.lt\/en\/wp-json\/wp\/v2\/media\/34767"}],"wp:attachment":[{"href":"https:\/\/sventasmiskas.lt\/en\/wp-json\/wp\/v2\/media?parent=34667"}],"wp:term":[{"taxonomy":"product_brand","embeddable":true,"href":"https:\/\/sventasmiskas.lt\/en\/wp-json\/wp\/v2\/product_brand?post=34667"},{"taxonomy":"product_cat","embeddable":true,"href":"https:\/\/sventasmiskas.lt\/en\/wp-json\/wp\/v2\/product_cat?post=34667"},{"taxonomy":"product_tag","embeddable":true,"href":"https:\/\/sventasmiskas.lt\/en\/wp-json\/wp\/v2\/product_tag?post=34667"}],"curies":[{"name":"wp","href":"https:\/\/api.w.org\/{rel}","templated":true}]}}