{"id":34666,"date":"2025-05-04T12:22:07","date_gmt":"2025-05-04T12:22:07","guid":{"rendered":"https:\/\/sventasmiskas.bool.lt\/?product=auksuoti-ametistu-auskarai"},"modified":"2025-10-28T19:34:39","modified_gmt":"2025-10-28T19:34:39","slug":"auksuoti-ametistu-auskarai","status":"publish","type":"product","link":"https:\/\/sventasmiskas.lt\/en\/parduotuve\/auksuoti-ametistu-auskarai\/","title":{"rendered":"Auksuoti ametist\u0173 auskarai"},"content":{"rendered":"<p>\u269c\ufe0e Nedideli auskarai su ametistais tinkami ne\u0161ioti kasdien.\u269c\ufe0e Auskarai sukurti i\u0161 vario, dengto 3 mikron\u0173 storio aukso sluoksniu.\u269c\ufe0e Auskar\u0173 \u012fsegimai sukurti i\u0161 hipoalerginio plieno, tad tinkami ir pa\u010dioms jautriausioms ausims.\u269c Papuo\u0161alas parduodamas supakuotas dovan\u0173 pakuot\u0117je.<\/p>","protected":false},"excerpt":{"rendered":"<p>\u269c\ufe0e Nedideli auskarai su ametistais tinkami ne\u0161ioti kasdien.\u269c\ufe0e Auskarai sukurti i\u0161 vario, dengto 3 mikron\u0173 storio aukso sluoksniu.\u269c\ufe0e Auskar\u0173 \u012fsegimai<\/p>","protected":false},"featured_media":34665,"template":"","meta":[],"product_brand":[],"product_cat":[123],"product_tag":[],"class_list":{"0":"post-34666","1":"product","2":"type-product","3":"status-publish","4":"has-post-thumbnail","6":"product_cat-auskarai","8":"first","9":"outofstock","10":"taxable","11":"shipping-taxable","12":"purchasable","13":"product-type-simple"},"jetpack_sharing_enabled":true,"_links":{"self":[{"href":"https:\/\/sventasmiskas.lt\/en\/wp-json\/wp\/v2\/product\/34666","targetHints":{"allow":["GET"]}}],"collection":[{"href":"https:\/\/sventasmiskas.lt\/en\/wp-json\/wp\/v2\/product"}],"about":[{"href":"https:\/\/sventasmiskas.lt\/en\/wp-json\/wp\/v2\/types\/product"}],"wp:featuredmedia":[{"embeddable":true,"href":"https:\/\/sventasmiskas.lt\/en\/wp-json\/wp\/v2\/media\/34665"}],"wp:attachment":[{"href":"https:\/\/sventasmiskas.lt\/en\/wp-json\/wp\/v2\/media?parent=34666"}],"wp:term":[{"taxonomy":"product_brand","embeddable":true,"href":"https:\/\/sventasmiskas.lt\/en\/wp-json\/wp\/v2\/product_brand?post=34666"},{"taxonomy":"product_cat","embeddable":true,"href":"https:\/\/sventasmiskas.lt\/en\/wp-json\/wp\/v2\/product_cat?post=34666"},{"taxonomy":"product_tag","embeddable":true,"href":"https:\/\/sventasmiskas.lt\/en\/wp-json\/wp\/v2\/product_tag?post=34666"}],"curies":[{"name":"wp","href":"https:\/\/api.w.org\/{rel}","templated":true}]}}