{"id":34659,"date":"2025-05-04T12:21:53","date_gmt":"2025-05-04T12:21:53","guid":{"rendered":"https:\/\/sventasmiskas.bool.lt\/?product=claddagh-ziedas-su-granatu"},"modified":"2025-11-23T14:31:48","modified_gmt":"2025-11-23T14:31:48","slug":"claddagh-ziedas-su-granatu","status":"publish","type":"product","link":"https:\/\/sventasmiskas.lt\/en\/parduotuve\/claddagh-ziedas-su-granatu\/","title":{"rendered":"Claddagh ring with garnet"},"content":{"rendered":"<p>\u269c\ufe0e Tamsinto sidabro \u017eiedas su tamsiai raudonu \u0161irdel\u0117s formos 4 mm dyd\u017eio granatu.\u269c\ufe0e Sukurta i\u0161 925 prabos sidabro, sveria 3,75 g.\u269c\ufe0e \u017diedo dydis 18,5\u269c\ufe0e Prabuota Lietuvos prabavimo r\u016bmuose.\u269c Papuo\u0161alas parduodamas supakuotas medin\u0117je rank\u0173 darbo dovan\u0173 d\u0117\u017eut\u0117je.\u269c \u017diedo dydis gali b\u016bti pakeistas. Jei reikalingas kitoks \u017eiedo dydis, susisiekite su mumis puslapyje nurodytais kontaktais ir \u017eiedo dyd\u012f pakoreguosime.<\/p>","protected":false},"excerpt":{"rendered":"<p>\u269c\ufe0e Tamsinto sidabro \u017eiedas su tamsiai raudonu \u0161irdel\u0117s formos 4 mm dyd\u017eio granatu.\u269c\ufe0e Sukurta i\u0161 925 prabos sidabro, sveria 3,75<\/p>","protected":false},"featured_media":34658,"template":"","meta":[],"product_brand":[],"product_cat":[124],"product_tag":[],"class_list":{"0":"post-34659","1":"product","2":"type-product","3":"status-publish","4":"has-post-thumbnail","6":"product_cat-ziedai","8":"first","9":"outofstock","10":"taxable","11":"shipping-taxable","12":"purchasable","13":"product-type-simple"},"jetpack_sharing_enabled":true,"_links":{"self":[{"href":"https:\/\/sventasmiskas.lt\/en\/wp-json\/wp\/v2\/product\/34659","targetHints":{"allow":["GET"]}}],"collection":[{"href":"https:\/\/sventasmiskas.lt\/en\/wp-json\/wp\/v2\/product"}],"about":[{"href":"https:\/\/sventasmiskas.lt\/en\/wp-json\/wp\/v2\/types\/product"}],"wp:featuredmedia":[{"embeddable":true,"href":"https:\/\/sventasmiskas.lt\/en\/wp-json\/wp\/v2\/media\/34658"}],"wp:attachment":[{"href":"https:\/\/sventasmiskas.lt\/en\/wp-json\/wp\/v2\/media?parent=34659"}],"wp:term":[{"taxonomy":"product_brand","embeddable":true,"href":"https:\/\/sventasmiskas.lt\/en\/wp-json\/wp\/v2\/product_brand?post=34659"},{"taxonomy":"product_cat","embeddable":true,"href":"https:\/\/sventasmiskas.lt\/en\/wp-json\/wp\/v2\/product_cat?post=34659"},{"taxonomy":"product_tag","embeddable":true,"href":"https:\/\/sventasmiskas.lt\/en\/wp-json\/wp\/v2\/product_tag?post=34659"}],"curies":[{"name":"wp","href":"https:\/\/api.w.org\/{rel}","templated":true}]}}