{"id":34657,"date":"2025-05-04T12:21:46","date_gmt":"2025-05-04T12:21:46","guid":{"rendered":"https:\/\/sventasmiskas.bool.lt\/?post_type=product&#038;p=34657"},"modified":"2025-10-28T19:34:41","modified_gmt":"2025-10-28T19:34:41","slug":"zvaigzdziu-uoga","status":"publish","type":"product","link":"https:\/\/sventasmiskas.lt\/en\/parduotuve\/zvaigzdziu-uoga\/","title":{"rendered":"Star berry"},"content":{"rendered":"<p>\u269c Pakabukas sukurtas i\u0161 tikro augalo- dumplainio. Tai yra tikras augalas, elektroliz\u0117s b\u016bdu padengtas variu, tada dengtas 999 grynumo sidabru, \u0161iek tiek tamsintas.\u269c Papuo\u0161alas yra tvirtas ir patvarus, jo ilgis ilgiausioje vietoje apie 5 cm, plotis 4 cm.\u269c Papuo\u0161alas parduodamas supakuotas dovan\u0173 pakuot\u0117je.<\/p>","protected":false},"excerpt":{"rendered":"<p>\u269c Pakabukas sukurtas i\u0161 tikro augalo- dumplainio. Tai yra tikras augalas, elektroliz\u0117s b\u016bdu padengtas variu, tada dengtas 999 grynumo sidabru,<\/p>","protected":false},"featured_media":34752,"template":"","meta":[],"product_brand":[],"product_cat":[125],"product_tag":[],"class_list":{"0":"post-34657","1":"product","2":"type-product","3":"status-publish","4":"has-post-thumbnail","6":"product_cat-kaklo-papuosalai","8":"first","9":"outofstock","10":"taxable","11":"shipping-taxable","12":"purchasable","13":"product-type-variable"},"jetpack_sharing_enabled":true,"_links":{"self":[{"href":"https:\/\/sventasmiskas.lt\/en\/wp-json\/wp\/v2\/product\/34657","targetHints":{"allow":["GET"]}}],"collection":[{"href":"https:\/\/sventasmiskas.lt\/en\/wp-json\/wp\/v2\/product"}],"about":[{"href":"https:\/\/sventasmiskas.lt\/en\/wp-json\/wp\/v2\/types\/product"}],"wp:featuredmedia":[{"embeddable":true,"href":"https:\/\/sventasmiskas.lt\/en\/wp-json\/wp\/v2\/media\/34752"}],"wp:attachment":[{"href":"https:\/\/sventasmiskas.lt\/en\/wp-json\/wp\/v2\/media?parent=34657"}],"wp:term":[{"taxonomy":"product_brand","embeddable":true,"href":"https:\/\/sventasmiskas.lt\/en\/wp-json\/wp\/v2\/product_brand?post=34657"},{"taxonomy":"product_cat","embeddable":true,"href":"https:\/\/sventasmiskas.lt\/en\/wp-json\/wp\/v2\/product_cat?post=34657"},{"taxonomy":"product_tag","embeddable":true,"href":"https:\/\/sventasmiskas.lt\/en\/wp-json\/wp\/v2\/product_tag?post=34657"}],"curies":[{"name":"wp","href":"https:\/\/api.w.org\/{rel}","templated":true}]}}