{"id":34644,"date":"2025-05-04T12:20:56","date_gmt":"2025-05-04T12:20:56","guid":{"rendered":"https:\/\/sventasmiskas.bool.lt\/?product=amzinas-pavasaris"},"modified":"2025-10-28T19:34:39","modified_gmt":"2025-10-28T19:34:39","slug":"amzinas-pavasaris","status":"publish","type":"product","link":"https:\/\/sventasmiskas.lt\/en\/parduotuve\/amzinas-pavasaris\/","title":{"rendered":"Eternal spring"},"content":{"rendered":"<p>\u269c One-of-a-kind natural style yellow gold ring.\u269c Ring with a 5 mm greenish sapphire. The authenticity of the gemstones is confirmed on the assay office label, the specifications of the stones are written in the last photo. 2 diamonds are set on the sides, measuring 2.2 mm. \u269c Assayed in the Latvian Assay Office, gold fineness 585, the ring weighs 2.67 g.\u269c Size 17.\u269c The jewelry is sold packaged in a handmade wooden box.<\/p>","protected":false},"excerpt":{"rendered":"<p>\u269c Vienetinis gamti\u0161ko stiliaus geltono aukso \u017eiedas.\u269c \u017diedas su 5 mm dyd\u017eio \u017ealsvos spalvos safyru. Brangakmeni\u0173 autenti\u0161kumas patvirtintas prabavimo r\u016bm\u0173<\/p>","protected":false},"featured_media":34643,"template":"","meta":[],"product_brand":[],"product_cat":[124],"product_tag":[],"class_list":{"0":"post-34644","1":"product","2":"type-product","3":"status-publish","4":"has-post-thumbnail","6":"product_cat-ziedai","8":"first","9":"outofstock","10":"taxable","11":"shipping-taxable","12":"purchasable","13":"product-type-simple"},"jetpack_sharing_enabled":true,"_links":{"self":[{"href":"https:\/\/sventasmiskas.lt\/en\/wp-json\/wp\/v2\/product\/34644","targetHints":{"allow":["GET"]}}],"collection":[{"href":"https:\/\/sventasmiskas.lt\/en\/wp-json\/wp\/v2\/product"}],"about":[{"href":"https:\/\/sventasmiskas.lt\/en\/wp-json\/wp\/v2\/types\/product"}],"wp:featuredmedia":[{"embeddable":true,"href":"https:\/\/sventasmiskas.lt\/en\/wp-json\/wp\/v2\/media\/34643"}],"wp:attachment":[{"href":"https:\/\/sventasmiskas.lt\/en\/wp-json\/wp\/v2\/media?parent=34644"}],"wp:term":[{"taxonomy":"product_brand","embeddable":true,"href":"https:\/\/sventasmiskas.lt\/en\/wp-json\/wp\/v2\/product_brand?post=34644"},{"taxonomy":"product_cat","embeddable":true,"href":"https:\/\/sventasmiskas.lt\/en\/wp-json\/wp\/v2\/product_cat?post=34644"},{"taxonomy":"product_tag","embeddable":true,"href":"https:\/\/sventasmiskas.lt\/en\/wp-json\/wp\/v2\/product_tag?post=34644"}],"curies":[{"name":"wp","href":"https:\/\/api.w.org\/{rel}","templated":true}]}}