{"id":34629,"date":"2025-05-04T12:20:17","date_gmt":"2025-05-04T12:20:17","guid":{"rendered":"https:\/\/sventasmiskas.bool.lt\/?post_type=product&#038;p=34629"},"modified":"2025-10-28T19:34:41","modified_gmt":"2025-10-28T19:34:41","slug":"sirdele","status":"publish","type":"product","link":"https:\/\/sventasmiskas.lt\/en\/parduotuve\/sirdele\/","title":{"rendered":"Heart"},"content":{"rendered":"<p>\u269c Nedidelis (16 mm ilgis) \u0161viesaus sidabro pakabukas su organi\u0161komis tekst\u016bromis.\u269c Sukurta i\u0161 925 prabos sidabro, prabuota Lietuvos prabavimo r\u016bmuose, papuo\u0161alo svoris 0,93 g be grandin\u0117l\u0117s.\u269c Papuo\u0161alas parduodamas supakuotas medin\u0117je rank\u0173 darbo dovan\u0173 d\u0117\u017eut\u0117je.<\/p>","protected":false},"excerpt":{"rendered":"<p>\u269c Nedidelis (16 mm ilgis) \u0161viesaus sidabro pakabukas su organi\u0161komis tekst\u016bromis.\u269c Sukurta i\u0161 925 prabos sidabro, prabuota Lietuvos prabavimo r\u016bmuose,<\/p>","protected":false},"featured_media":34668,"template":"","meta":[],"product_brand":[],"product_cat":[125],"product_tag":[],"class_list":{"0":"post-34629","1":"product","2":"type-product","3":"status-publish","4":"has-post-thumbnail","6":"product_cat-kaklo-papuosalai","8":"first","9":"instock","10":"taxable","11":"shipping-taxable","12":"purchasable","13":"product-type-variable"},"jetpack_sharing_enabled":true,"_links":{"self":[{"href":"https:\/\/sventasmiskas.lt\/en\/wp-json\/wp\/v2\/product\/34629","targetHints":{"allow":["GET"]}}],"collection":[{"href":"https:\/\/sventasmiskas.lt\/en\/wp-json\/wp\/v2\/product"}],"about":[{"href":"https:\/\/sventasmiskas.lt\/en\/wp-json\/wp\/v2\/types\/product"}],"wp:featuredmedia":[{"embeddable":true,"href":"https:\/\/sventasmiskas.lt\/en\/wp-json\/wp\/v2\/media\/34668"}],"wp:attachment":[{"href":"https:\/\/sventasmiskas.lt\/en\/wp-json\/wp\/v2\/media?parent=34629"}],"wp:term":[{"taxonomy":"product_brand","embeddable":true,"href":"https:\/\/sventasmiskas.lt\/en\/wp-json\/wp\/v2\/product_brand?post=34629"},{"taxonomy":"product_cat","embeddable":true,"href":"https:\/\/sventasmiskas.lt\/en\/wp-json\/wp\/v2\/product_cat?post=34629"},{"taxonomy":"product_tag","embeddable":true,"href":"https:\/\/sventasmiskas.lt\/en\/wp-json\/wp\/v2\/product_tag?post=34629"}],"curies":[{"name":"wp","href":"https:\/\/api.w.org\/{rel}","templated":true}]}}