{"id":34627,"date":"2025-05-04T12:20:17","date_gmt":"2025-05-04T12:20:17","guid":{"rendered":"https:\/\/sventasmiskas.bool.lt\/?post_type=product&#038;p=34627"},"modified":"2026-03-29T08:08:30","modified_gmt":"2026-03-29T08:08:30","slug":"koralas-su-rubinu","status":"publish","type":"product","link":"https:\/\/sventasmiskas.lt\/en\/parduotuve\/koralas-su-rubinu\/","title":{"rendered":"Koralas su rubinu"},"content":{"rendered":"<p>\u269c Autorinis unikalaus dizaino rank\u0173 darbo \u017eiedas.\u269c \u017diedas inkrustuotas rausvos spalvos nat\u016braliu rubinu. Rubino autenti\u0161kumas patvirtintas prabavimo r\u016bm\u0173 etiket\u0117je, akmens specifikacijos matomos paskutin\u0117je nuotraukoje.\u269c Prabuota Latvijos prabavimo r\u016bmuose, sidabro praba 925, sveria 3 g.\u269c Galima rinktis i\u0161 skirting\u0173 dyd\u017ei\u0173 variant\u0173. \u269c Papuo\u0161alas parduodamas supakuotas medin\u0117je rank\u0173 darbo d\u0117\u017eut\u0117je.<\/p>","protected":false},"excerpt":{"rendered":"<p>\u269c Autorinis unikalaus dizaino rank\u0173 darbo \u017eiedas.\u269c \u017diedas inkrustuotas rausvos spalvos nat\u016braliu rubinu. Rubino autenti\u0161kumas patvirtintas prabavimo r\u016bm\u0173 etiket\u0117je, akmens<\/p>","protected":false},"featured_media":34632,"template":"","meta":[],"product_brand":[],"product_cat":[124],"product_tag":[],"class_list":{"0":"post-34627","1":"product","2":"type-product","3":"status-publish","4":"has-post-thumbnail","6":"product_cat-ziedai","8":"first","9":"outofstock","10":"taxable","11":"shipping-taxable","12":"purchasable","13":"product-type-variable"},"jetpack_sharing_enabled":true,"_links":{"self":[{"href":"https:\/\/sventasmiskas.lt\/en\/wp-json\/wp\/v2\/product\/34627","targetHints":{"allow":["GET"]}}],"collection":[{"href":"https:\/\/sventasmiskas.lt\/en\/wp-json\/wp\/v2\/product"}],"about":[{"href":"https:\/\/sventasmiskas.lt\/en\/wp-json\/wp\/v2\/types\/product"}],"wp:featuredmedia":[{"embeddable":true,"href":"https:\/\/sventasmiskas.lt\/en\/wp-json\/wp\/v2\/media\/34632"}],"wp:attachment":[{"href":"https:\/\/sventasmiskas.lt\/en\/wp-json\/wp\/v2\/media?parent=34627"}],"wp:term":[{"taxonomy":"product_brand","embeddable":true,"href":"https:\/\/sventasmiskas.lt\/en\/wp-json\/wp\/v2\/product_brand?post=34627"},{"taxonomy":"product_cat","embeddable":true,"href":"https:\/\/sventasmiskas.lt\/en\/wp-json\/wp\/v2\/product_cat?post=34627"},{"taxonomy":"product_tag","embeddable":true,"href":"https:\/\/sventasmiskas.lt\/en\/wp-json\/wp\/v2\/product_tag?post=34627"}],"curies":[{"name":"wp","href":"https:\/\/api.w.org\/{rel}","templated":true}]}}