{"id":35815,"date":"2025-05-05T11:58:40","date_gmt":"2025-05-05T11:58:40","guid":{"rendered":"https:\/\/sventasmiskas.bool.lt\/?page_id=35815"},"modified":"2025-05-10T08:35:59","modified_gmt":"2025-05-10T08:35:59","slug":"aktuali-informacija","status":"publish","type":"page","link":"https:\/\/sventasmiskas.lt\/en\/aktuali-informacija\/","title":{"rendered":"Relevant information"},"content":{"rendered":"<div id=\"wd-8b4dc4b7\" class=\"wp-block-wd-row\">\n<div id=\"wd-c47df87d\" class=\"wp-block-wd-column\">\n<h2 id=\"wd-81f225b9\" class=\"wp-block-wd-title title\">Presentation of Works<\/h2>\n\n\n\n<ul class=\"wp-block-list\">\n<li>Payments can be made using Swedbank, Seb, Luminor, Citadele and \u0160iauli\u0173 bankas electronic banking services. Payments are available in euros. Payments are processed using the MakeCommerce.lt payment platform.<\/li>\n\n\n\n<li>We ship the goods within 1-2 days from the date of payment for the goods.<\/li>\n\n\n\n<li>Your item will be delivered to your chosen address or parcel machine within 2-5 days of the item being shipped.<\/li>\n\n\n\n<li>The buyer is responsible for the accuracy of the data provided during registration. If inaccurate (or false) information is provided, we are not responsible for possible delivery problems.<\/li>\n\n\n\n<li>By contacting the contacts listed on the page, jewelry in Kaunas can be ready for pickup on the same day.<\/li>\n<\/ul>\n\n\n\n<h2 id=\"wd-2efbb4d6\" class=\"wp-block-wd-title title\">Warranty repair and applicable warranty<\/h2>\n\n\n\n<ul class=\"wp-block-list\">\n<li>If the product is broken or has other defects not due to wear and tear, for example, jewelry with stones has lost its eyelet, then such a product is considered a factory defect and is therefore sent for repair free of charge.<\/li>\n\n\n\n<li>If the product has changed color, worn out, or been scratched, we offer to renew it (additional costs may apply);<\/li>\n\n\n\n<li>If you decide to change the size of the item, for example, if the ring is too big\/small for you, the product will be sent for processing for an additional fee (it is the customer&#039;s responsibility to specify the correct size of the item.)<\/li>\n\n\n\n<li>Goods are not returnable during the warranty period or later than 14 days after delivery. In all cases, we offer to replace the product with another one, repair or otherwise eliminate any defects that have arisen.<\/li>\n\n\n\n<li>Once the specified conditions are met and the item is received back, the money will be refunded within 14 working days.<\/li>\n<\/ul>\n<\/div>\n\n\n\n<div id=\"wd-d294ca07\" class=\"wp-block-wd-column\">\n<h2 id=\"wd-3de084c0\" class=\"wp-block-wd-title title\">Return<\/h2>\n\n\n\n<ul class=\"wp-block-list\">\n<li>Pagal LR \u012fstatym\u0105 juvelyriniai gaminiai yra nekei\u010diami ir negr\u0105\u017einami, ta\u010diau ie\u0161kant kompromiso ir atsi\u017evelgiant \u012f pirk\u0117jo l\u016bkes\u010dius kai kuriais atvejais galimas preki\u0173 keitimas ar gr\u0105\u017einimas. Gr\u0105\u017einimas negalimas specialiai Jums individualiai kurtiems papuo\u0161alams. Norint gr\u0105\u017einti arba pakeisti nekokybi\u0161k\u0105 ar nepatikusi\u0105 prek\u0119, reikia laikytis \u0161i\u0173 s\u0105lyg\u0173:<\/li>\n\n\n\n<li>The returned item must be undamaged by the Buyer;<\/li>\n\n\n\n<li>The returned item must not have lost its commercial appearance.<\/li>\n\n\n\n<li>The returned item must be in its original and undamaged packaging;<\/li>\n\n\n\n<li>Only unused goods can be returned;<\/li>\n\n\n\n<li>When returning the product, it is necessary to provide a document confirming the purchase of the goods;<\/li>\n\n\n\n<li>The costs of returning the goods to the seller are borne by the Buyer;<\/li>\n\n\n\n<li>Return the item to the address indicated on the packaging when you received the package.<\/li>\n<\/ul>\n<\/div>\n<\/div>\n\n\n\n<div id=\"wd-03b0f3f0\" class=\"wp-block-wd-container wd-dir-col wd-align\">\n<h2 id=\"wd-8545372d\" class=\"wp-block-wd-title title wd-custom-width\">Do you have any questions? Contact us!<\/h2>\n\n\n\n<p id=\"wd-3f998ad2\" class=\"wp-block-wd-paragraph wd-custom-width\">We will help you with any questions about our products or services.<\/p>\n\n\n\n<a id=\"wd-09e4a0c6\" class=\"wp-block-wd-button btn btn-style-default btn-color-primary btn-size-large btn-shape-rectangle\" href=\"https:\/\/sventasmiskas.lt\/en\/kontaktai\/\"><span>Contact<\/span><\/a>\n\n\n\t\t\t<div\n\t\t\t\t\t\tid=\"wd-3869da23\"\n\t\t\t\t\t\tclass=\"wd-social-icons wd-style-bordered wd-size-small social-share wd-shape-circle  wd-3869da23\">\n\t\t\t\t\n\t\t\t\t\n\t\t\t\t\t\t\t\t\t<a rel=\"noopener noreferrer nofollow\" href=\"https:\/\/www.facebook.com\/sharer\/sharer.php?u=https:\/\/sventasmiskas.lt\/en\/aktuali-informacija\/\" target=\"_blank\" class=\"wd-social-icon social-facebook\" aria-label=\"Facebook social link\">\n\t\t\t\t\t\t<span class=\"wd-icon\"><\/span>\n\t\t\t\t\t\t\t\t\t\t\t<\/a>\n\t\t\t\t\n\t\t\t\t\t\t\t\t\t<a rel=\"noopener noreferrer nofollow\" href=\"https:\/\/x.com\/share?url=https:\/\/sventasmiskas.lt\/en\/aktuali-informacija\/\" target=\"_blank\" class=\"wd-social-icon social-twitter\" aria-label=\"X social link\">\n\t\t\t\t\t\t<span class=\"wd-icon\"><\/span>\n\t\t\t\t\t\t\t\t\t\t\t<\/a>\n\t\t\t\t\n\t\t\t\t\n\t\t\t\t\t\t\t\t\t<a rel=\"noopener noreferrer nofollow\" href=\"mailto:?subject=Check%20this%20https:\/\/sventasmiskas.lt\/en\/aktuali-informacija\/\" target=\"_blank\" class=\"wd-social-icon social-email\" aria-label=\"Email social link\">\n\t\t\t\t\t\t<span class=\"wd-icon\"><\/span>\n\t\t\t\t\t\t\t\t\t\t\t<\/a>\n\t\t\t\t\n\t\t\t\t\n\t\t\t\t\n\t\t\t\t\n\t\t\t\t\t\t\t\t\t<a rel=\"noopener noreferrer nofollow\" href=\"https:\/\/pinterest.com\/pin\/create\/button\/?url=https:\/\/sventasmiskas.lt\/en\/aktuali-informacija\/&#038;media=https:\/\/sventasmiskas.lt\/wp-includes\/images\/media\/default.svg&#038;description=Aktuali%20informacija\" target=\"_blank\" class=\"wd-social-icon social-pinterest\" aria-label=\"Pinterest social link\">\n\t\t\t\t\t\t<span class=\"wd-icon\"><\/span>\n\t\t\t\t\t\t\t\t\t\t\t<\/a>\n\t\t\t\t\n\t\t\t\t\n\t\t\t\t\n\t\t\t\t\n\t\t\t\t\n\t\t\t\t\n\t\t\t\t\n\t\t\t\t\n\t\t\t\t\n\t\t\t\t\n\t\t\t\t\n\t\t\t\t\n\t\t\t\t\n\t\t\t\t\n\t\t\t\t\n\t\t\t\t\n\t\t\t\t\n\t\t\t\t\n\t\t\t\t\n\t\t\t<\/div>\n\n\t\t<\/div>","protected":false},"excerpt":{"rendered":"","protected":false},"author":1,"featured_media":0,"parent":0,"menu_order":0,"comment_status":"closed","ping_status":"closed","template":"","meta":{"footnotes":""},"class_list":["post-35815","page","type-page","status-publish","hentry"],"jetpack_sharing_enabled":true,"_links":{"self":[{"href":"https:\/\/sventasmiskas.lt\/en\/wp-json\/wp\/v2\/pages\/35815","targetHints":{"allow":["GET"]}}],"collection":[{"href":"https:\/\/sventasmiskas.lt\/en\/wp-json\/wp\/v2\/pages"}],"about":[{"href":"https:\/\/sventasmiskas.lt\/en\/wp-json\/wp\/v2\/types\/page"}],"author":[{"embeddable":true,"href":"https:\/\/sventasmiskas.lt\/en\/wp-json\/wp\/v2\/users\/1"}],"replies":[{"embeddable":true,"href":"https:\/\/sventasmiskas.lt\/en\/wp-json\/wp\/v2\/comments?post=35815"}],"version-history":[{"count":7,"href":"https:\/\/sventasmiskas.lt\/en\/wp-json\/wp\/v2\/pages\/35815\/revisions"}],"predecessor-version":[{"id":36191,"href":"https:\/\/sventasmiskas.lt\/en\/wp-json\/wp\/v2\/pages\/35815\/revisions\/36191"}],"wp:attachment":[{"href":"https:\/\/sventasmiskas.lt\/en\/wp-json\/wp\/v2\/media?parent=35815"}],"curies":[{"name":"wp","href":"https:\/\/api.w.org\/{rel}","templated":true}]}}