{"id":35737,"date":"2025-05-04T15:42:29","date_gmt":"2025-05-04T15:42:29","guid":{"rendered":"https:\/\/sventasmiskas.bool.lt\/?page_id=35737"},"modified":"2025-05-08T16:03:16","modified_gmt":"2025-05-08T16:03:16","slug":"kiti-papuosalai","status":"publish","type":"page","link":"https:\/\/sventasmiskas.lt\/en\/kiti-papuosalai\/","title":{"rendered":"Other jewelry"},"content":{"rendered":"\n<div id=\"wd-cf18caa7\" class=\"wp-block-wd-section wd-transform wd-align-s-center\">\n<div id=\"wd-9abf3131\" class=\"wp-block-wd-container wd-dir-col wd-align-is-lg-center wd-align\">\n<div id=\"wd-09696899\" class=\"wp-block-wd-row\">\n<div id=\"wd-b7f8ef24\" class=\"wp-block-wd-column\">\n<h2 id=\"wd-54313614\" class=\"wp-block-wd-title title wd-align\">Kiti papuo\u0161alai<\/h2>\n<\/div>\n<\/div>\n<\/div>\n<\/div>\n\n\n<div id=\"wd-453b7257\" class=\"wd-cf7 wd-453b7257\">\n<div class=\"wpcf7 no-js\" id=\"wpcf7-f35743-o1\" lang=\"lt-LT\" dir=\"ltr\" data-wpcf7-id=\"35743\">\n<div class=\"screen-reader-response\"><p role=\"status\" aria-live=\"polite\" aria-atomic=\"true\"><\/p> <ul><\/ul><\/div>\n<form action=\"\/en\/wp-json\/wp\/v2\/pages\/35737#wpcf7-f35743-o1\" method=\"post\" class=\"wpcf7-form init\" aria-label=\"Kontakt\u0173 forma\" novalidate=\"novalidate\" data-status=\"init\">\n<fieldset class=\"hidden-fields-container\"><input type=\"hidden\" name=\"_wpcf7\" value=\"35743\" \/><input type=\"hidden\" name=\"_wpcf7_version\" value=\"6.1.5\" \/><input type=\"hidden\" name=\"_wpcf7_locale\" value=\"lt_LT\" \/><input type=\"hidden\" name=\"_wpcf7_unit_tag\" value=\"wpcf7-f35743-o1\" \/><input type=\"hidden\" name=\"_wpcf7_container_post\" value=\"0\" \/><input type=\"hidden\" name=\"_wpcf7_posted_data_hash\" value=\"\" \/><input type=\"hidden\" name=\"_wpcf7cf_hidden_group_fields\" value=\"[]\" \/><input type=\"hidden\" name=\"_wpcf7cf_hidden_groups\" value=\"[]\" \/><input type=\"hidden\" name=\"_wpcf7cf_visible_groups\" value=\"[]\" \/><input type=\"hidden\" name=\"_wpcf7cf_repeaters\" value=\"[]\" \/><input type=\"hidden\" name=\"_wpcf7cf_steps\" value=\"{}\" \/><input type=\"hidden\" name=\"_wpcf7cf_options\" value=\"{&quot;form_id&quot;:35743,&quot;conditions&quot;:[{&quot;then_field&quot;:&quot;other-metal-group&quot;,&quot;and_rules&quot;:[{&quot;if_field&quot;:&quot;preferred-metal&quot;,&quot;operator&quot;:&quot;equals&quot;,&quot;if_value&quot;:&quot;Kitas (pra\\u0161ome nurodyti)&quot;}]},{&quot;then_field&quot;:&quot;have-my-own-materials-group&quot;,&quot;and_rules&quot;:[{&quot;if_field&quot;:&quot;have-my-own-materials&quot;,&quot;operator&quot;:&quot;equals&quot;,&quot;if_value&quot;:&quot;Turiu savo med\\u017eiagas&quot;}]}],&quot;settings&quot;:{&quot;animation&quot;:&quot;yes&quot;,&quot;animation_intime&quot;:200,&quot;animation_outtime&quot;:200,&quot;conditions_ui&quot;:&quot;normal&quot;,&quot;notice_dismissed&quot;:false}}\" \/><input type=\"hidden\" name=\"_wpcf7_recaptcha_response\" value=\"\" \/>\n<\/fieldset>\n<p><label> Vardas ir pavard\u0117<br \/>\n<span class=\"wpcf7-form-control-wrap\" data-name=\"your-name\"><input size=\"40\" maxlength=\"400\" class=\"wpcf7-form-control wpcf7-text wpcf7-validates-as-required\" autocomplete=\"name\" aria-required=\"true\" aria-invalid=\"false\" value=\"\" type=\"text\" name=\"your-name\" \/><\/span><br \/>\n<\/label>\n<\/p>\n<p><label> El. pa\u0161tas<br \/>\n<span class=\"wpcf7-form-control-wrap\" data-name=\"your-email\"><input size=\"40\" maxlength=\"400\" class=\"wpcf7-form-control wpcf7-email wpcf7-validates-as-required wpcf7-text wpcf7-validates-as-email\" autocomplete=\"email\" aria-required=\"true\" aria-invalid=\"false\" value=\"\" type=\"email\" name=\"your-email\" \/><\/span> <\/label>\n<\/p>\n<p><label> Telefono numeris<br \/>\n<span class=\"wpcf7-form-control-wrap\" data-name=\"phone-number\"><input size=\"40\" maxlength=\"400\" class=\"wpcf7-form-control wpcf7-tel wpcf7-text wpcf7-validates-as-tel\" aria-invalid=\"false\" value=\"\" type=\"tel\" name=\"phone-number\" \/><\/span><br \/>\n<\/label>\n<\/p>\n<p><label> Pageidaujamas kontaktavimo b\u016bdas<br \/>\n<span class=\"wpcf7-form-control-wrap\" data-name=\"preferred-contact-method\"><select class=\"wpcf7-form-control wpcf7-select wpcf7-validates-as-required\" aria-required=\"true\" aria-invalid=\"false\" name=\"preferred-contact-method\"><option value=\"El. pa\u0161tu\">El. pa\u0161tu<\/option><option value=\"Telefonu\">Telefonu<\/option><option value=\"Nesvarbu\">Nesvarbu<\/option><\/select><\/span><br \/>\n<\/label>\n<\/p>\n<p><label> Papasakokite apie dizain\u0105 ir juvelyrikos tip\u0105<br \/>\n<span class=\"wpcf7-form-control-wrap\" data-name=\"about-design\"><textarea cols=\"40\" rows=\"3\" maxlength=\"2000\" class=\"wpcf7-form-control wpcf7-textarea wpcf7-validates-as-required custom-order-textarea\" aria-required=\"true\" aria-invalid=\"false\" placeholder=\"Kam tai skirta, proga, stilius...\" name=\"about-design\"><\/textarea><\/span><br \/>\n<\/label>\n<\/p>\n<p><label> Apytikslis biud\u017eetas<br \/>\n<span class=\"wpcf7-form-control-wrap\" data-name=\"your-budget\"><select class=\"wpcf7-form-control wpcf7-select wpcf7-validates-as-required\" aria-required=\"true\" aria-invalid=\"false\" name=\"your-budget\"><option value=\"250\u2013500 EUR\">250\u2013500 EUR<\/option><option value=\"500\u20131 000 EUR\">500\u20131 000 EUR<\/option><option value=\"1 000\u20132 000 EUR\">1 000\u20132 000 EUR<\/option><option value=\"2 000\u20133 500 EUR\">2 000\u20133 500 EUR<\/option><option value=\"3 000\u20135 500 EUR\">3 000\u20135 500 EUR<\/option><option value=\"5 000\u20138 500 EUR\">5 000\u20138 500 EUR<\/option><option value=\"8 000\u201311 000 EUR\">8 000\u201311 000 EUR<\/option><option value=\"10 000\u201315 000 EUR\">10 000\u201315 000 EUR<\/option><option value=\"20 000+ EUR\">20 000+ EUR<\/option><\/select><\/span><br \/>\n<\/label>\n<\/p>\n<p><label> Pageidaujami brangakmeniai ar spalvos<br \/>\n<span class=\"wpcf7-form-control-wrap\" data-name=\"preferred-gem\"><textarea cols=\"40\" rows=\"3\" maxlength=\"2000\" class=\"wpcf7-form-control wpcf7-textarea wpcf7-validates-as-required custom-order-textarea\" aria-required=\"true\" aria-invalid=\"false\" placeholder=\"Pavyzd\u017eiui, opalas, deimantas, safyras...\" name=\"preferred-gem\"><\/textarea><\/span><br \/>\n<\/label>\n<\/p>\n<p><label> Metalas<br \/>\n<span class=\"wpcf7-form-control-wrap\" data-name=\"preferred-metal\"><select class=\"wpcf7-form-control wpcf7-select wpcf7-validates-as-required\" aria-required=\"true\" aria-invalid=\"false\" name=\"preferred-metal\"><option value=\"Geltonasis auksas (585 \/ 750 praba)\">Geltonasis auksas (585 \/ 750 praba)<\/option><option value=\"Baltasis auksas (585 \/ 750 praba)\">Baltasis auksas (585 \/ 750 praba)<\/option><option value=\"Ro\u017einis auksas (585 \/ 750 praba)\">Ro\u017einis auksas (585 \/ 750 praba)<\/option><option value=\"Sidabras (925 praba)\">Sidabras (925 praba)<\/option><option value=\"Platina\">Platina<\/option><option value=\"Titanas\">Titanas<\/option><option value=\"Meteoritas\">Meteoritas<\/option><option value=\"Varis\">Varis<\/option><option value=\"Kitas (pra\u0161ome nurodyti)\">Kitas (pra\u0161ome nurodyti)<\/option><\/select><\/span><br \/>\n<\/label>\n<\/p>\n<div data-id=\"other-metal-group\" data-orig_data_id=\"other-metal-group\"  class=\"\" data-class=\"wpcf7cf_group\">\n\t<p><label> Kitas metalas<br \/>\n<span class=\"wpcf7-form-control-wrap\" data-name=\"other-metal\"><input size=\"40\" maxlength=\"400\" class=\"wpcf7-form-control wpcf7-text\" aria-invalid=\"false\" value=\"\" type=\"text\" name=\"other-metal\" \/><\/span><br \/>\n<\/label>\n\t<\/p>\n<\/div>\n<p><label> \u017diedo dydis (jei \u017einomas)<br \/>\n<span class=\"wpcf7-form-control-wrap\" data-name=\"ring-size\"><input size=\"40\" maxlength=\"400\" class=\"wpcf7-form-control wpcf7-text\" aria-invalid=\"false\" value=\"\" type=\"text\" name=\"ring-size\" \/><\/span><br \/>\n<\/label>\n<\/p>\n<p><label> Ar yra ka\u017ekas kito, k\u0105 tur\u0117\u010diau \u017einoti?<br \/>\n<span class=\"wpcf7-form-control-wrap\" data-name=\"your-message\"><textarea cols=\"40\" rows=\"3\" maxlength=\"2000\" class=\"wpcf7-form-control wpcf7-textarea custom-order-textarea\" aria-invalid=\"false\" name=\"your-message\"><\/textarea><\/span> <\/label>\n<\/p>\n<p><span class=\"wpcf7-form-control-wrap\" data-name=\"have-my-own-materials\"><span class=\"wpcf7-form-control wpcf7-checkbox\"><span class=\"wpcf7-list-item first last\"><label><input type=\"checkbox\" name=\"have-my-own-materials[]\" value=\"Turiu savo med\u017eiagas\" \/><span class=\"wpcf7-list-item-label\">Turiu savo med\u017eiagas<\/span><\/label><\/span><\/span><\/span>\n<\/p>\n<div data-id=\"have-my-own-materials-group\" data-orig_data_id=\"have-my-own-materials-group\"  class=\"\" data-class=\"wpcf7cf_group\">\n\t<p><label> Kokias med\u017eiagas turite?<br \/>\n<span class=\"wpcf7-form-control-wrap\" data-name=\"my-own-materials\"><textarea cols=\"40\" rows=\"10\" maxlength=\"2000\" class=\"wpcf7-form-control wpcf7-textarea\" aria-invalid=\"false\" name=\"my-own-materials\"><\/textarea><\/span><br \/>\n<\/label>\n\t<\/p>\n<\/div>\n<p><input class=\"wpcf7-form-control wpcf7-submit has-spinner\" type=\"submit\" value=\"Pateikti\" \/>\n<\/p><div class=\"wpcf7-response-output\" aria-hidden=\"true\"><\/div>\n<\/form>\n<\/div>\n<\/div>","protected":false},"excerpt":{"rendered":"","protected":false},"author":1,"featured_media":0,"parent":0,"menu_order":0,"comment_status":"closed","ping_status":"closed","template":"","meta":{"footnotes":""},"class_list":["post-35737","page","type-page","status-publish","hentry"],"jetpack_sharing_enabled":true,"_links":{"self":[{"href":"https:\/\/sventasmiskas.lt\/en\/wp-json\/wp\/v2\/pages\/35737","targetHints":{"allow":["GET"]}}],"collection":[{"href":"https:\/\/sventasmiskas.lt\/en\/wp-json\/wp\/v2\/pages"}],"about":[{"href":"https:\/\/sventasmiskas.lt\/en\/wp-json\/wp\/v2\/types\/page"}],"author":[{"embeddable":true,"href":"https:\/\/sventasmiskas.lt\/en\/wp-json\/wp\/v2\/users\/1"}],"replies":[{"embeddable":true,"href":"https:\/\/sventasmiskas.lt\/en\/wp-json\/wp\/v2\/comments?post=35737"}],"version-history":[{"count":13,"href":"https:\/\/sventasmiskas.lt\/en\/wp-json\/wp\/v2\/pages\/35737\/revisions"}],"predecessor-version":[{"id":36111,"href":"https:\/\/sventasmiskas.lt\/en\/wp-json\/wp\/v2\/pages\/35737\/revisions\/36111"}],"wp:attachment":[{"href":"https:\/\/sventasmiskas.lt\/en\/wp-json\/wp\/v2\/media?parent=35737"}],"curies":[{"name":"wp","href":"https:\/\/api.w.org\/{rel}","templated":true}]}}