{"id":267,"date":"2017-06-21T08:08:52","date_gmt":"2017-06-21T08:08:52","guid":{"rendered":"http:\/\/dummy.xtemos.com\/woodmart\/?page_id=267"},"modified":"2025-05-08T15:57:46","modified_gmt":"2025-05-08T15:57:46","slug":"noru-sarasas","status":"publish","type":"page","link":"https:\/\/sventasmiskas.lt\/en\/noru-sarasas\/","title":{"rendered":"Nor\u0173 s\u0105ra\u0161as"},"content":{"rendered":"<div class=\"\" >\n\t\t\t\t\t\t<div class=\"wd-wishlist-content\">\n\t\t\t\t\t\t\t\t\t\n\t\t<div class=\"wd-empty-block wd-empty-wishlist\">\n\n\t\t<h2 class=\"wd-empty-block-title\">\n\t\t\tThis wishlist is empty.\t\t<\/h2>\n\n\t\t\t\t\t<p class=\"wd-empty-block-text\">\n\t\t\t\tJ\u016bs\u0173 nor\u0173 s\u0105ra\u0161e dar n\u0117ra joki\u0173 produkt\u0173.\t\t\t<\/p>\n\t\t\n\t\t\n\t\t\t\t\t<a class=\"button btn btn-accent wd-empty-block-btn\" href=\"https:\/\/sventasmiskas.lt\/en\/parduotuve\/\">\n\t\t\t\tReturn to shop\t\t\t<\/a>\n\t\t\n\t\t\t\t\t<\/div>\n\t\t\t\t\t\t\t\t\t\t\t<\/div>\n\t\t\t\t<\/div>","protected":false},"excerpt":{"rendered":"","protected":false},"author":1,"featured_media":0,"parent":0,"menu_order":0,"comment_status":"closed","ping_status":"closed","template":"","meta":{"footnotes":""},"class_list":["post-267","page","type-page","status-publish","hentry"],"jetpack_sharing_enabled":true,"_links":{"self":[{"href":"https:\/\/sventasmiskas.lt\/en\/wp-json\/wp\/v2\/pages\/267","targetHints":{"allow":["GET"]}}],"collection":[{"href":"https:\/\/sventasmiskas.lt\/en\/wp-json\/wp\/v2\/pages"}],"about":[{"href":"https:\/\/sventasmiskas.lt\/en\/wp-json\/wp\/v2\/types\/page"}],"author":[{"embeddable":true,"href":"https:\/\/sventasmiskas.lt\/en\/wp-json\/wp\/v2\/users\/1"}],"replies":[{"embeddable":true,"href":"https:\/\/sventasmiskas.lt\/en\/wp-json\/wp\/v2\/comments?post=267"}],"version-history":[{"count":2,"href":"https:\/\/sventasmiskas.lt\/en\/wp-json\/wp\/v2\/pages\/267\/revisions"}],"predecessor-version":[{"id":36110,"href":"https:\/\/sventasmiskas.lt\/en\/wp-json\/wp\/v2\/pages\/267\/revisions\/36110"}],"wp:attachment":[{"href":"https:\/\/sventasmiskas.lt\/en\/wp-json\/wp\/v2\/media?parent=267"}],"curies":[{"name":"wp","href":"https:\/\/api.w.org\/{rel}","templated":true}]}}